{"id":3137,"date":"2024-06-12T10:32:19","date_gmt":"2024-06-12T10:32:19","guid":{"rendered":"https:\/\/groupe-vogue.com\/?page_id=3137"},"modified":"2024-07-11T08:43:56","modified_gmt":"2024-07-11T08:43:56","slug":"vogue-immo","status":"publish","type":"page","link":"https:\/\/groupe-vogue.com\/index.php\/vogue-immo\/","title":{"rendered":"Vogue Immo"},"content":{"rendered":"\t\t<div data-elementor-type=\"wp-page\" data-elementor-id=\"3137\" class=\"elementor elementor-3137\" data-elementor-post-type=\"page\">\n\t\t\t\t\t\t<section class=\"elementor-section elementor-top-section elementor-element elementor-element-22c57465 services-details-area elementor-section-boxed elementor-section-height-default elementor-section-height-default\" data-id=\"22c57465\" data-element_type=\"section\">\n\t\t\t\t\t\t<div class=\"elementor-container elementor-column-gap-no\">\n\t\t\t\t\t<div class=\"elementor-column elementor-col-50 elementor-top-column elementor-element elementor-element-21f538bd services-sidebar\" data-id=\"21f538bd\" data-element_type=\"column\">\n\t\t\t<div class=\"elementor-widget-wrap elementor-element-populated\">\n\t\t\t\t\t\t<div class=\"elementor-element elementor-element-28ed781c elementor-widget elementor-widget-consua_service_navmenu\" data-id=\"28ed781c\" data-element_type=\"widget\" data-widget_type=\"consua_service_navmenu.default\">\n\t\t\t\t<div class=\"elementor-widget-container\">\n\t\t\t\r\n    <!-- Start Service Navmenu \r\n    ============================================= -->\r\n    <div class=\"single-widget services-list-widget\">\r\n        <h4 class=\"widget-title\">Vogue Groupe Services<\/h4>\r\n        <div class=\"content\">\r\n            \t\t            <div class=\"menu-service-sidebar-menu-container\"><ul id=\"menu-service-sidebar-menu\" class=\"menu\"><li id=\"menu-item-3145\" class=\"menu-item menu-item-type-post_type menu-item-object-page menu-item-3145\"><a href=\"https:\/\/groupe-vogue.com\/index.php\/vogue-business\/\">Vogue Business<\/a><\/li>\n<li id=\"menu-item-3073\" class=\"menu-item menu-item-type-post_type menu-item-object-page menu-item-3073\"><a href=\"https:\/\/groupe-vogue.com\/index.php\/vogue-interim\/\">Vogue Interim<\/a><\/li>\n<li id=\"menu-item-3146\" class=\"menu-item menu-item-type-post_type menu-item-object-page menu-item-3146\"><a href=\"https:\/\/groupe-vogue.com\/index.php\/vogue-immo\/\">Vogue Immo<\/a><\/li>\n<li id=\"menu-item-3143\" class=\"menu-item menu-item-type-post_type menu-item-object-page menu-item-3143\"><a href=\"https:\/\/groupe-vogue.com\/index.php\/vogue-event\/\">Vogue Event<\/a><\/li>\n<li id=\"menu-item-3144\" class=\"menu-item menu-item-type-post_type menu-item-object-page menu-item-3144\"><a href=\"https:\/\/groupe-vogue.com\/index.php\/vogue-green\/\">Vogue Green<\/a><\/li>\n<\/ul><\/div>\t\t            <\/div>\r\n    <\/div>\r\n    <!-- End Service Navmenu \r\n    ============================================= -->\r\n\r\n    \t\t<\/div>\n\t\t\t\t<\/div>\n\t\t\t\t<div class=\"elementor-element elementor-element-4f5edc78 elementor-widget elementor-widget-consua_service_cta\" data-id=\"4f5edc78\" data-element_type=\"widget\" data-widget_type=\"consua_service_cta.default\">\n\t\t\t\t<div class=\"elementor-widget-container\">\n\t\t\t    <!-- Start Service CTA\r\n    ============================================= -->\r\n    <div class=\"single-widget bg-dark quick-contact-widget text-light\" style=\"background-image: url(https:\/\/validthemes.net\/themeforest\/wp\/consua\/wp-content\/uploads\/2023\/09\/15.png);\">\r\n        <div class=\"content\">\r\n            <h3>Besoin d'aide ?<\/h3>\r\n            <p>\r\n              VOGUE Groupe, votre partenaire de choix pour des solutions innovantes et de haute qualit\u00e9, booste votre croissance et maximise votre succ\u00e8s. Contactez-nous d\u00e8s aujourd'hui et propulsez votre entreprise vers de nouveaux sommets.            <\/p>\r\n            <h2>+212 528 24 03 92<\/h2>            <h4><a href=\"mailto:contact@groupe-vogue.com\">contact@groupe-vogue.com<\/a><\/h4>                        \t<a class=\"btn mt-30 circle btn-sm btn-gradient\" href=\"https:\/\/groupe-vogue.com\/index.php\/contact\/\">Contactez nous<\/a>\r\n        \t        <\/div>\r\n    <\/div>\r\n    <!-- End Service CTA -->\r\n\t\t\t<\/div>\n\t\t\t\t<\/div>\n\t\t\t\t\t<\/div>\n\t\t<\/div>\n\t\t\t\t<div class=\"elementor-column elementor-col-50 elementor-top-column elementor-element elementor-element-39f5b7dc\" data-id=\"39f5b7dc\" data-element_type=\"column\">\n\t\t\t<div class=\"elementor-widget-wrap elementor-element-populated\">\n\t\t\t\t\t\t<div class=\"elementor-element elementor-element-78918244 elementor-widget elementor-widget-image\" data-id=\"78918244\" data-element_type=\"widget\" data-widget_type=\"image.default\">\n\t\t\t\t<div class=\"elementor-widget-container\">\n\t\t\t\t\t\t\t\t\t\t\t\t\t<img decoding=\"async\" src=\"https:\/\/groupe-vogue.com\/wp-content\/uploads\/elementor\/thumbs\/legal-consultants-notary-or-justice-lawyer-discus-2023-11-27-05-21-14-utc1-scaled-qpjqx95law8t7k2v105kkfw1620eqfp7s3ghc6hci4.jpg\" title=\"legal-consultants-notary-or-justice-lawyer-discus-2023-11-27-05-21-14-utc(1)\" alt=\"legal-consultants-notary-or-justice-lawyer-discus-2023-11-27-05-21-14-utc(1)\" loading=\"lazy\" \/>\t\t\t\t\t\t\t\t\t\t\t\t\t<\/div>\n\t\t\t\t<\/div>\n\t\t\t\t<div class=\"elementor-element elementor-element-2ce7d17 elementor-widget elementor-widget-heading\" data-id=\"2ce7d17\" data-element_type=\"widget\" data-widget_type=\"heading.default\">\n\t\t\t\t<div class=\"elementor-widget-container\">\n\t\t\t<h2 class=\"elementor-heading-title elementor-size-default\">Votre Partenaire pour des Transactions Immobili\u00e8res Sans Souci<\/h2>\t\t<\/div>\n\t\t\t\t<\/div>\n\t\t\t\t<div class=\"elementor-element elementor-element-15ff6e6a elementor-widget elementor-widget-text-editor\" data-id=\"15ff6e6a\" data-element_type=\"widget\" data-widget_type=\"text-editor.default\">\n\t\t\t\t<div class=\"elementor-widget-container\">\n\t\t\t\t\t\t\t<p>Vogue Immo se sp\u00e9cialise dans l&rsquo;interm\u00e9diation immobili\u00e8re, simplifiant les transactions r\u00e9sidentielles et commerciales. Nous facilitons l&rsquo;achat, la vente et la location de biens immobiliers, garantissant une exp\u00e9rience transparente et professionnelle \u00e0 chaque \u00e9tape.<\/p>\t\t\t\t\t\t<\/div>\n\t\t\t\t<\/div>\n\t\t\t\t<section class=\"elementor-section elementor-inner-section elementor-element elementor-element-67c28af9 elementor-section-full_width elementor-section-height-default elementor-section-height-default\" data-id=\"67c28af9\" data-element_type=\"section\">\n\t\t\t\t\t\t<div class=\"elementor-container elementor-column-gap-no\">\n\t\t\t\t\t<div class=\"elementor-column elementor-col-50 elementor-inner-column elementor-element elementor-element-638e262d\" data-id=\"638e262d\" data-element_type=\"column\">\n\t\t\t<div class=\"elementor-widget-wrap elementor-element-populated\">\n\t\t\t\t\t\t<div class=\"elementor-element elementor-element-34f0f985 elementor-widget elementor-widget-heading\" data-id=\"34f0f985\" data-element_type=\"widget\" data-widget_type=\"heading.default\">\n\t\t\t\t<div class=\"elementor-widget-container\">\n\t\t\t<h3 class=\"elementor-heading-title elementor-size-default\">Services inclus<\/h3>\t\t<\/div>\n\t\t\t\t<\/div>\n\t\t\t\t<div class=\"elementor-element elementor-element-5a974281 elementor-widget elementor-widget-text-editor\" data-id=\"5a974281\" data-element_type=\"widget\" data-widget_type=\"text-editor.default\">\n\t\t\t\t<div class=\"elementor-widget-container\">\n\t\t\t\t\t\t\t<ul class=\"feature-list-item\"><li>Achat et Vente Simplifi\u00e9s<\/li><li>Location Sans Tracas<\/li><li>Conseils d&rsquo;Investissement Immobilier<\/li><li>Gestion Immobili\u00e8re de Qualit\u00e9<\/li><li>administratif \u00e0 Accompagnement juridique<\/li><\/ul>\t\t\t\t\t\t<\/div>\n\t\t\t\t<\/div>\n\t\t\t\t\t<\/div>\n\t\t<\/div>\n\t\t\t\t<div class=\"elementor-column elementor-col-50 elementor-inner-column elementor-element elementor-element-7884978d\" data-id=\"7884978d\" data-element_type=\"column\">\n\t\t\t<div class=\"elementor-widget-wrap elementor-element-populated\">\n\t\t\t\t\t\t<div class=\"elementor-element elementor-element-1c08c528 elementor-widget elementor-widget-heading\" data-id=\"1c08c528\" data-element_type=\"widget\" data-widget_type=\"heading.default\">\n\t\t\t\t<div class=\"elementor-widget-container\">\n\t\t\t<h3 class=\"elementor-heading-title elementor-size-default\">Le d\u00e9fi<\/h3>\t\t<\/div>\n\t\t\t\t<\/div>\n\t\t\t\t<div class=\"elementor-element elementor-element-3b7bada0 elementor-widget elementor-widget-text-editor\" data-id=\"3b7bada0\" data-element_type=\"widget\" data-widget_type=\"text-editor.default\">\n\t\t\t\t<div class=\"elementor-widget-container\">\n\t\t\t\t\t\t\t<p>Naviguer dans le march\u00e9 immobilier peut \u00eatre complexe et stressant. Chez Vogue Immo, notre objectif est de rendre ce processus aussi simple et transparent que possible, en vous offrant des services professionnels et personnalis\u00e9s qui r\u00e9pondent \u00e0 vos besoins sp\u00e9cifiques.<\/p>\t\t\t\t\t\t<\/div>\n\t\t\t\t<\/div>\n\t\t\t\t\t<\/div>\n\t\t<\/div>\n\t\t\t\t\t<\/div>\n\t\t<\/section>\n\t\t\t\t<div class=\"elementor-element elementor-element-762f9b85 elementor-widget elementor-widget-heading\" data-id=\"762f9b85\" data-element_type=\"widget\" data-widget_type=\"heading.default\">\n\t\t\t\t<div class=\"elementor-widget-container\">\n\t\t\t<h3 class=\"elementor-heading-title elementor-size-default\">Que faisons-nous ?<\/h3>\t\t<\/div>\n\t\t\t\t<\/div>\n\t\t\t\t<div class=\"elementor-element elementor-element-777c392f elementor-widget elementor-widget-text-editor\" data-id=\"777c392f\" data-element_type=\"widget\" data-widget_type=\"text-editor.default\">\n\t\t\t\t<div class=\"elementor-widget-container\">\n\t\t\t\t\t\t\t<p>Chez Vogue Immo, nous sommes d\u00e9termin\u00e9s \u00e0 simplifier votre exp\u00e9rience immobili\u00e8re. Nous mettons notre expertise \u00e0 votre service, en vous guidant \u00e0 travers chaque \u00e9tape, de la recherche de biens \u00e0 la conclusion des transactions, pour que vous puissiez r\u00e9aliser vos objectifs immobiliers en toute confiance.<\/p>\t\t\t\t\t\t<\/div>\n\t\t\t\t<\/div>\n\t\t\t\t<div class=\"elementor-element elementor-element-3067ad23 elementor-widget elementor-widget-consua_faq_widget\" data-id=\"3067ad23\" data-element_type=\"widget\" data-widget_type=\"consua_faq_widget.default\">\n\t\t\t\t<div class=\"elementor-widget-container\">\n\t\t\t\r\n    <div class=\"faq-style-one dark\">\r\n    \t\t        <h3 class=\"mb-30\">\r\n\t        \tQuestions courantes pour ce projet\t        <\/h3>\r\n                <div class=\"accordion\" id=\"faqAccordion\">\r\n\r\n        \t            <div class=\"accordion-item\">\r\n                <h2 class=\"accordion-header\" id=\"heading1\">\r\n                    <button class=\"accordion-button \" type=\"button\" data-bs-toggle=\"collapse\" data-bs-target=\"#collapse1\" aria-expanded=\"true\" aria-controls=\"collapse1\">\r\n                       Quels types de biens immobiliers puis-je trouver avec Vogue Immo ?                    <\/button>\r\n                <\/h2>\r\n                <div id=\"collapse1\" class=\"accordion-collapse collapse show\" aria-labelledby=\"collapse1\" data-bs-parent=\"#faqAccordion\">\r\n                    <div class=\"accordion-body\">\r\n                        <p>\r\n                          \tVogue Immo propose une gamme vari\u00e9e de biens immobiliers, allant des appartements aux propri\u00e9t\u00e9s commerciales, pour r\u00e9pondre \u00e0 une diversit\u00e9 de besoins.                        <\/p>\r\n                    <\/div>\r\n                <\/div>\r\n            <\/div>\r\n           \t            <div class=\"accordion-item\">\r\n                <h2 class=\"accordion-header\" id=\"heading2\">\r\n                    <button class=\"accordion-button collapsed\" type=\"button\" data-bs-toggle=\"collapse\" data-bs-target=\"#collapse2\" aria-expanded=\"true\" aria-controls=\"collapse2\">\r\n                       Comment Vogue Immo peut-il m'aider dans mes investissements immobiliers ?                    <\/button>\r\n                <\/h2>\r\n                <div id=\"collapse2\" class=\"accordion-collapse collapse \" aria-labelledby=\"collapse2\" data-bs-parent=\"#faqAccordion\">\r\n                    <div class=\"accordion-body\">\r\n                        <p>\r\n                          \tNous offrons des conseils sp\u00e9cialis\u00e9s pour vous aider \u00e0 prendre des d\u00e9cisions \u00e9clair\u00e9es en mati\u00e8re d'investissement immobilier, en identifiant les opportunit\u00e9s les plus prometteuses sur le march\u00e9.                        <\/p>\r\n                    <\/div>\r\n                <\/div>\r\n            <\/div>\r\n           \t            <div class=\"accordion-item\">\r\n                <h2 class=\"accordion-header\" id=\"heading3\">\r\n                    <button class=\"accordion-button collapsed\" type=\"button\" data-bs-toggle=\"collapse\" data-bs-target=\"#collapse3\" aria-expanded=\"true\" aria-controls=\"collapse3\">\r\n                       Quels sont les avantages de confier la gestion de mes biens \u00e0 Vogue Immo ?                    <\/button>\r\n                <\/h2>\r\n                <div id=\"collapse3\" class=\"accordion-collapse collapse \" aria-labelledby=\"collapse3\" data-bs-parent=\"#faqAccordion\">\r\n                    <div class=\"accordion-body\">\r\n                        <p>\r\n                          \tAvec Vogue Immo, vous pouvez b\u00e9n\u00e9ficier d'une gestion immobili\u00e8re professionnelle et efficace, vous lib\u00e9rant des tracas quotidiens li\u00e9s \u00e0 la gestion de vos biens, tout en maximisant leur valeur et leur rentabilit\u00e9.                        <\/p>\r\n                    <\/div>\r\n                <\/div>\r\n            <\/div>\r\n           \t \r\n        <\/div>\r\n    <\/div>\r\n\r\n\t\t\t<\/div>\n\t\t\t\t<\/div>\n\t\t\t\t<div class=\"elementor-element elementor-element-355ae9f elementor-widget elementor-widget-heading\" data-id=\"355ae9f\" data-element_type=\"widget\" data-widget_type=\"heading.default\">\n\t\t\t\t<div class=\"elementor-widget-container\">\n\t\t\t<h3 class=\"elementor-heading-title elementor-size-default\">Demander un devis<\/h3>\t\t<\/div>\n\t\t\t\t<\/div>\n\t\t\t\t<div class=\"elementor-element elementor-element-c780152 elementor-widget elementor-widget-shortcode\" data-id=\"c780152\" data-element_type=\"widget\" data-widget_type=\"shortcode.default\">\n\t\t\t\t<div class=\"elementor-widget-container\">\n\t\t\t\t\t<div class=\"elementor-shortcode\">\n<div class=\"wpcf7 no-js\" id=\"wpcf7-f2806-o1\" lang=\"en-US\" dir=\"ltr\">\n<div class=\"screen-reader-response\"><p role=\"status\" aria-live=\"polite\" aria-atomic=\"true\"><\/p> <ul><\/ul><\/div>\n<form action=\"\/index.php\/wp-json\/wp\/v2\/pages\/3137#wpcf7-f2806-o1\" method=\"post\" class=\"wpcf7-form init\" aria-label=\"Contact form\" novalidate=\"novalidate\" data-status=\"init\">\n<div style=\"display: none;\">\n<input type=\"hidden\" name=\"_wpcf7\" value=\"2806\" \/>\n<input type=\"hidden\" name=\"_wpcf7_version\" value=\"5.9.6\" \/>\n<input type=\"hidden\" name=\"_wpcf7_locale\" value=\"en_US\" \/>\n<input type=\"hidden\" name=\"_wpcf7_unit_tag\" value=\"wpcf7-f2806-o1\" \/>\n<input type=\"hidden\" name=\"_wpcf7_container_post\" value=\"0\" \/>\n<input type=\"hidden\" name=\"_wpcf7_posted_data_hash\" value=\"\" \/>\n<input type=\"hidden\" name=\"_wpcf7_recaptcha_response\" value=\"\" \/>\n<\/div>\n<input class=\"wpcf7-form-control wpcf7-hidden\" id=\"page_info\" value=\"\" type=\"hidden\" name=\"page_info\" \/>\n<div class=\"row\">\n    <div class=\"col-lg-6\">\n        <div class=\"form-group\">\n             <span class=\"wpcf7-form-control-wrap\" data-name=\"text-910\"><input size=\"40\" maxlength=\"80\" class=\"wpcf7-form-control wpcf7-text wpcf7-validates-as-required form-control\" id=\"name_family\" aria-required=\"true\" aria-invalid=\"false\" placeholder=\"Nom\" value=\"\" type=\"text\" name=\"text-910\" \/><\/span>\n        <\/div>\n    <\/div>\n    <div class=\"col-lg-6\">\n        <div class=\"form-group\">\n             <span class=\"wpcf7-form-control-wrap\" data-name=\"text-911\"><input size=\"40\" maxlength=\"80\" class=\"wpcf7-form-control wpcf7-text wpcf7-validates-as-required form-control\" id=\"name_perso\" aria-required=\"true\" aria-invalid=\"false\" placeholder=\"Pr\u00e9nom\" value=\"\" type=\"text\" name=\"text-911\" \/><\/span>\n        <\/div>\n    <\/div>\n<\/div>\n<div class=\"row\">\n    <div class=\"col-lg-6\">\n        <div class=\"form-group\">\n            <span class=\"wpcf7-form-control-wrap\" data-name=\"text-912\"><input size=\"40\" maxlength=\"80\" class=\"wpcf7-form-control wpcf7-text wpcf7-validates-as-required form-control\" id=\"email\" aria-required=\"true\" aria-invalid=\"false\" placeholder=\"Email*\" value=\"\" type=\"text\" name=\"text-912\" \/><\/span>\n        <\/div>\n    <\/div>\n  <div class=\"col-lg-6\">\n        <div class=\"form-group\">\n            <span class=\"wpcf7-form-control-wrap\" data-name=\"text-913\"><input size=\"40\" maxlength=\"80\" class=\"wpcf7-form-control wpcf7-text wpcf7-validates-as-required form-control\" id=\"phone\" aria-required=\"true\" aria-invalid=\"false\" placeholder=\"T\u00e9l\u00e9phone\" value=\"\" type=\"text\" name=\"text-913\" \/><\/span>\n        <\/div>\n    <\/div>\n<\/div>\n\n<div class=\"row\">\n    <div class=\"col-lg-12\">\n        <div class=\"form-group\">\n            <span class=\"wpcf7-form-control-wrap\" data-name=\"your-message\"><textarea cols=\"40\" rows=\"10\" maxlength=\"400\" class=\"wpcf7-form-control wpcf7-textarea wpcf7-validates-as-required form-control\" id=\"your-message\" aria-required=\"true\" aria-invalid=\"false\" placeholder=\"Votre message\" name=\"your-message\"><\/textarea><\/span>\n        <\/div>\n    <\/div>\n<\/div>\n\n<div class=\"row\">\n    <div class=\"col-lg-12\">\n        <button type=\"submit\" name=\"submit\" id=\"submit\" class=\"btn mt-30 circle btn-sm btn-gradient\"><i class=\"fa fa-paper-plane\"><\/i> Envoyer<\/button>\n    <\/div>\n<\/div><div class=\"wpcf7-response-output\" aria-hidden=\"true\"><\/div>\n<\/form>\n<\/div>\n<\/div>\n\t\t\t\t<\/div>\n\t\t\t\t<\/div>\n\t\t\t\t\t<\/div>\n\t\t<\/div>\n\t\t\t\t\t<\/div>\n\t\t<\/section>\n\t\t\t\t<\/div>\n\t\t","protected":false},"excerpt":{"rendered":"<p>Vogue Groupe Services Vogue Business Vogue Interim Vogue Immo Vogue Event Vogue Green Besoin d&rsquo;aide ? VOGUE Groupe, votre partenaire de choix pour des solutions innovantes et de haute qualit\u00e9, booste votre croissance et maximise votre succ\u00e8s. Contactez-nous d\u00e8s aujourd&rsquo;hui et propulsez votre entreprise vers de nouveaux sommets. +212 528 24 03 92 contact@groupe-vogue.com Contactez&#8230;<\/p>\n","protected":false},"author":1,"featured_media":0,"parent":0,"menu_order":0,"comment_status":"closed","ping_status":"closed","template":"elementor_header_footer","meta":{"footnotes":""},"aioseo_notices":[],"_links":{"self":[{"href":"https:\/\/groupe-vogue.com\/index.php\/wp-json\/wp\/v2\/pages\/3137"}],"collection":[{"href":"https:\/\/groupe-vogue.com\/index.php\/wp-json\/wp\/v2\/pages"}],"about":[{"href":"https:\/\/groupe-vogue.com\/index.php\/wp-json\/wp\/v2\/types\/page"}],"author":[{"embeddable":true,"href":"https:\/\/groupe-vogue.com\/index.php\/wp-json\/wp\/v2\/users\/1"}],"replies":[{"embeddable":true,"href":"https:\/\/groupe-vogue.com\/index.php\/wp-json\/wp\/v2\/comments?post=3137"}],"version-history":[{"count":16,"href":"https:\/\/groupe-vogue.com\/index.php\/wp-json\/wp\/v2\/pages\/3137\/revisions"}],"predecessor-version":[{"id":4006,"href":"https:\/\/groupe-vogue.com\/index.php\/wp-json\/wp\/v2\/pages\/3137\/revisions\/4006"}],"wp:attachment":[{"href":"https:\/\/groupe-vogue.com\/index.php\/wp-json\/wp\/v2\/media?parent=3137"}],"curies":[{"name":"wp","href":"https:\/\/api.w.org\/{rel}","templated":true}]}}