{"id":3135,"date":"2024-06-12T10:32:21","date_gmt":"2024-06-12T10:32:21","guid":{"rendered":"https:\/\/groupe-vogue.com\/?page_id=3135"},"modified":"2024-07-11T08:43:36","modified_gmt":"2024-07-11T08:43:36","slug":"vogue-business","status":"publish","type":"page","link":"https:\/\/groupe-vogue.com\/index.php\/vogue-business\/","title":{"rendered":"Vogue Business"},"content":{"rendered":"\t\t<div data-elementor-type=\"wp-page\" data-elementor-id=\"3135\" class=\"elementor elementor-3135\" data-elementor-post-type=\"page\">\n\t\t\t\t\t\t<section class=\"elementor-section elementor-top-section elementor-element elementor-element-22c57465 services-details-area elementor-section-boxed elementor-section-height-default elementor-section-height-default\" data-id=\"22c57465\" data-element_type=\"section\">\n\t\t\t\t\t\t<div class=\"elementor-container elementor-column-gap-no\">\n\t\t\t\t\t<div class=\"elementor-column elementor-col-50 elementor-top-column elementor-element elementor-element-21f538bd services-sidebar\" data-id=\"21f538bd\" data-element_type=\"column\">\n\t\t\t<div class=\"elementor-widget-wrap elementor-element-populated\">\n\t\t\t\t\t\t<div class=\"elementor-element elementor-element-28ed781c elementor-widget elementor-widget-consua_service_navmenu\" data-id=\"28ed781c\" data-element_type=\"widget\" data-widget_type=\"consua_service_navmenu.default\">\n\t\t\t\t<div class=\"elementor-widget-container\">\n\t\t\t\r\n    <!-- Start Service Navmenu \r\n    ============================================= -->\r\n    <div class=\"single-widget services-list-widget\">\r\n        <h4 class=\"widget-title\">Vogue Groupe Services<\/h4>\r\n        <div class=\"content\">\r\n            \t\t            <div class=\"menu-service-sidebar-menu-container\"><ul id=\"menu-service-sidebar-menu\" class=\"menu\"><li id=\"menu-item-3145\" class=\"menu-item menu-item-type-post_type menu-item-object-page menu-item-3145\"><a href=\"https:\/\/groupe-vogue.com\/index.php\/vogue-business\/\">Vogue Business<\/a><\/li>\n<li id=\"menu-item-3073\" class=\"menu-item menu-item-type-post_type menu-item-object-page menu-item-3073\"><a href=\"https:\/\/groupe-vogue.com\/index.php\/vogue-interim\/\">Vogue Interim<\/a><\/li>\n<li id=\"menu-item-3146\" class=\"menu-item menu-item-type-post_type menu-item-object-page menu-item-3146\"><a href=\"https:\/\/groupe-vogue.com\/index.php\/vogue-immo\/\">Vogue Immo<\/a><\/li>\n<li id=\"menu-item-3143\" class=\"menu-item menu-item-type-post_type menu-item-object-page menu-item-3143\"><a href=\"https:\/\/groupe-vogue.com\/index.php\/vogue-event\/\">Vogue Event<\/a><\/li>\n<li id=\"menu-item-3144\" class=\"menu-item menu-item-type-post_type menu-item-object-page menu-item-3144\"><a href=\"https:\/\/groupe-vogue.com\/index.php\/vogue-green\/\">Vogue Green<\/a><\/li>\n<\/ul><\/div>\t\t            <\/div>\r\n    <\/div>\r\n    <!-- End Service Navmenu \r\n    ============================================= -->\r\n\r\n    \t\t<\/div>\n\t\t\t\t<\/div>\n\t\t\t\t<div class=\"elementor-element elementor-element-4f5edc78 elementor-widget elementor-widget-consua_service_cta\" data-id=\"4f5edc78\" data-element_type=\"widget\" data-widget_type=\"consua_service_cta.default\">\n\t\t\t\t<div class=\"elementor-widget-container\">\n\t\t\t    <!-- Start Service CTA\r\n    ============================================= -->\r\n    <div class=\"single-widget bg-dark quick-contact-widget text-light\" style=\"background-image: url(https:\/\/validthemes.net\/themeforest\/wp\/consua\/wp-content\/uploads\/2023\/09\/15.png);\">\r\n        <div class=\"content\">\r\n            <h3>Besoin d'aide ?<\/h3>\r\n            <p>\r\n              VOGUE Groupe, votre partenaire de choix pour des solutions innovantes et de haute qualit\u00e9, booste votre croissance et maximise votre succ\u00e8s. Contactez-nous d\u00e8s aujourd'hui et propulsez votre entreprise vers de nouveaux sommets.            <\/p>\r\n            <h2>+212 528 24 03 92<\/h2>            <h4><a href=\"mailto:contact@groupe-vogue.com\">contact@groupe-vogue.com<\/a><\/h4>                        \t<a class=\"btn mt-30 circle btn-sm btn-gradient\" href=\"https:\/\/groupe-vogue.com\/index.php\/contact\/\">Contactez nous<\/a>\r\n        \t        <\/div>\r\n    <\/div>\r\n    <!-- End Service CTA -->\r\n\t\t\t<\/div>\n\t\t\t\t<\/div>\n\t\t\t\t<div class=\"elementor-element elementor-element-c0a6700 elementor-widget elementor-widget-heading\" data-id=\"c0a6700\" data-element_type=\"widget\" data-widget_type=\"heading.default\">\n\t\t\t\t<div class=\"elementor-widget-container\">\n\t\t\t<h3 class=\"elementor-heading-title elementor-size-default\">Galerie<\/h3>\t\t<\/div>\n\t\t\t\t<\/div>\n\t\t\t\t<div class=\"elementor-element elementor-element-a4aae5c elementor-widget elementor-widget-image-gallery\" data-id=\"a4aae5c\" data-element_type=\"widget\" data-widget_type=\"image-gallery.default\">\n\t\t\t\t<div class=\"elementor-widget-container\">\n\t\t\t\t\t<div class=\"elementor-image-gallery\">\n\t\t\t<div id='gallery-1' class='gallery galleryid-1040 gallery-columns-1 gallery-size-consua_359X259'><figure class='gallery-item'>\n\t\t\t<div class='gallery-icon landscape'>\n\t\t\t\t<a data-elementor-open-lightbox=\"yes\" data-elementor-lightbox-slideshow=\"a4aae5c\" data-elementor-lightbox-title=\"87371115_493137618305675_6188322457854672896_n\" data-e-action-hash=\"#elementor-action%3Aaction%3Dlightbox%26settings%3DeyJpZCI6MzYwMCwidXJsIjoiaHR0cHM6XC9cL2dyb3VwZS12b2d1ZS5jb21cL3dwLWNvbnRlbnRcL3VwbG9hZHNcLzIwMjRcLzA2XC84NzM3MTExNV80OTMxMzc2MTgzMDU2NzVfNjE4ODMyMjQ1Nzg1NDY3Mjg5Nl9uLmpwZyIsInNsaWRlc2hvdyI6ImE0YWFlNWMifQ%3D%3D\" href='https:\/\/groupe-vogue.com\/wp-content\/uploads\/2024\/06\/87371115_493137618305675_6188322457854672896_n.jpg'><img fetchpriority=\"high\" decoding=\"async\" width=\"359\" height=\"259\" src=\"https:\/\/groupe-vogue.com\/wp-content\/uploads\/2024\/06\/87371115_493137618305675_6188322457854672896_n-359x259.jpg\" class=\"attachment-consua_359X259 size-consua_359X259\" alt=\"\" \/><\/a>\n\t\t\t<\/div><\/figure><figure class='gallery-item'>\n\t\t\t<div class='gallery-icon landscape'>\n\t\t\t\t<a data-elementor-open-lightbox=\"yes\" data-elementor-lightbox-slideshow=\"a4aae5c\" data-elementor-lightbox-title=\"87301039_493143988305038_2526448103087669248_n\" data-e-action-hash=\"#elementor-action%3Aaction%3Dlightbox%26settings%3DeyJpZCI6MzU5OCwidXJsIjoiaHR0cHM6XC9cL2dyb3VwZS12b2d1ZS5jb21cL3dwLWNvbnRlbnRcL3VwbG9hZHNcLzIwMjRcLzA2XC84NzMwMTAzOV80OTMxNDM5ODgzMDUwMzhfMjUyNjQ0ODEwMzA4NzY2OTI0OF9uLmpwZyIsInNsaWRlc2hvdyI6ImE0YWFlNWMifQ%3D%3D\" href='https:\/\/groupe-vogue.com\/wp-content\/uploads\/2024\/06\/87301039_493143988305038_2526448103087669248_n.jpg'><img decoding=\"async\" width=\"359\" height=\"259\" src=\"https:\/\/groupe-vogue.com\/wp-content\/uploads\/2024\/06\/87301039_493143988305038_2526448103087669248_n-359x259.jpg\" class=\"attachment-consua_359X259 size-consua_359X259\" alt=\"\" \/><\/a>\n\t\t\t<\/div><\/figure><figure class='gallery-item'>\n\t\t\t<div class='gallery-icon landscape'>\n\t\t\t\t<a data-elementor-open-lightbox=\"yes\" data-elementor-lightbox-slideshow=\"a4aae5c\" data-elementor-lightbox-title=\"85114264_494087451544025_4902786953151250432_n\" data-e-action-hash=\"#elementor-action%3Aaction%3Dlightbox%26settings%3DeyJpZCI6MzU5NiwidXJsIjoiaHR0cHM6XC9cL2dyb3VwZS12b2d1ZS5jb21cL3dwLWNvbnRlbnRcL3VwbG9hZHNcLzIwMjRcLzA2XC84NTExNDI2NF80OTQwODc0NTE1NDQwMjVfNDkwMjc4Njk1MzE1MTI1MDQzMl9uLTEuanBnIiwic2xpZGVzaG93IjoiYTRhYWU1YyJ9\" href='https:\/\/groupe-vogue.com\/wp-content\/uploads\/2024\/06\/85114264_494087451544025_4902786953151250432_n-1.jpg'><img decoding=\"async\" width=\"359\" height=\"259\" src=\"https:\/\/groupe-vogue.com\/wp-content\/uploads\/2024\/06\/85114264_494087451544025_4902786953151250432_n-1-359x259.jpg\" class=\"attachment-consua_359X259 size-consua_359X259\" alt=\"\" \/><\/a>\n\t\t\t<\/div><\/figure><figure class='gallery-item'>\n\t\t\t<div class='gallery-icon portrait'>\n\t\t\t\t<a data-elementor-open-lightbox=\"yes\" data-elementor-lightbox-slideshow=\"a4aae5c\" data-elementor-lightbox-title=\"WhatsApp Image 2024-06-13 \u00e0 07.11.58_4de9aa27\" data-e-action-hash=\"#elementor-action%3Aaction%3Dlightbox%26settings%3DeyJpZCI6MzY4MSwidXJsIjoiaHR0cHM6XC9cL2dyb3VwZS12b2d1ZS5jb21cL3dwLWNvbnRlbnRcL3VwbG9hZHNcLzIwMjRcLzA2XC9XaGF0c0FwcC1JbWFnZS0yMDI0LTA2LTEzLWEtMDcuMTEuNThfNGRlOWFhMjcuanBnIiwic2xpZGVzaG93IjoiYTRhYWU1YyJ9\" href='https:\/\/groupe-vogue.com\/wp-content\/uploads\/2024\/06\/WhatsApp-Image-2024-06-13-a-07.11.58_4de9aa27.jpg'><img loading=\"lazy\" decoding=\"async\" width=\"359\" height=\"259\" src=\"https:\/\/groupe-vogue.com\/wp-content\/uploads\/2024\/06\/WhatsApp-Image-2024-06-13-a-07.11.58_4de9aa27-359x259.jpg\" class=\"attachment-consua_359X259 size-consua_359X259\" alt=\"\" \/><\/a>\n\t\t\t<\/div><\/figure>\n\t\t<\/div>\n\t\t<\/div>\n\t\t\t\t<\/div>\n\t\t\t\t<\/div>\n\t\t\t\t\t<\/div>\n\t\t<\/div>\n\t\t\t\t<div class=\"elementor-column elementor-col-50 elementor-top-column elementor-element elementor-element-39f5b7dc\" data-id=\"39f5b7dc\" data-element_type=\"column\">\n\t\t\t<div class=\"elementor-widget-wrap elementor-element-populated\">\n\t\t\t\t\t\t<div class=\"elementor-element elementor-element-78918244 elementor-widget elementor-widget-image\" data-id=\"78918244\" data-element_type=\"widget\" data-widget_type=\"image.default\">\n\t\t\t\t<div class=\"elementor-widget-container\">\n\t\t\t\t\t\t\t\t\t\t\t\t\t<img decoding=\"async\" src=\"https:\/\/groupe-vogue.com\/wp-content\/uploads\/elementor\/thumbs\/6-qpgaqrsv22hpgbpci43jc1vc0qg51r72t9ijv0wrkc.png\" title=\"6\" alt=\"6\" loading=\"lazy\" \/>\t\t\t\t\t\t\t\t\t\t\t\t\t<\/div>\n\t\t\t\t<\/div>\n\t\t\t\t<div class=\"elementor-element elementor-element-2ce7d17 elementor-widget elementor-widget-heading\" data-id=\"2ce7d17\" data-element_type=\"widget\" data-widget_type=\"heading.default\">\n\t\t\t\t<div class=\"elementor-widget-container\">\n\t\t\t<h2 class=\"elementor-heading-title elementor-size-default\">Optimisez Votre Potentiel avec Vogue Business<\/h2>\t\t<\/div>\n\t\t\t\t<\/div>\n\t\t\t\t<div class=\"elementor-element elementor-element-15ff6e6a elementor-widget elementor-widget-text-editor\" data-id=\"15ff6e6a\" data-element_type=\"widget\" data-widget_type=\"text-editor.default\">\n\t\t\t\t<div class=\"elementor-widget-container\">\n\t\t\t\t\t\t\t<p>Notre offre de services \u00e0 valeur ajout\u00e9e pour accompagner votre croissance en Afrique<br \/>Engag\u00e9e dans une dynamique \u00e9conomique exceptionnelle, l\u2019Afrique est r\u00e9solument la nouvelle fronti\u00e8re de la croissance \u00e9conomique mondiale. Cette r\u00e9gion du monde s\u2019est plus que jamais positionn\u00e9e en espace d\u2019opportunit\u00e9s \u00e9conomiques r\u00e9elles et de cr\u00e9ation de valeurs pour les entreprises en qu\u00eate de nouveaux relais de croissance. Parmi les facteurs fondamentaux de cette attractivit\u00e9 \u00e9conomique figurent une croissance moyenne de 5% sur la derni\u00e8re d\u00e9cennie, un march\u00e9 int\u00e9rieur dynamique port\u00e9 par une classe moyenne \u00e9mergente, ainsi qu\u2019un environnement des affaires en perp\u00e9tuelle \u00e9volution qui font du continent une terre promotrice d\u2019investissement et d\u2019\u00e9changes commerciaux. Ces facteurs sont aujourd\u2019hui amplifi\u00e9s par la mise en \u0153uvre de la Zone de Libre Echange Continentale Africaine (ZLECAf) qui abrite 1,3 milliard de consommateurs dans un bloc \u00e9conomique de 2 500 milliards de dollars de PIB cumul\u00e9. Une v\u00e9ritable nouvelle \u00e8re de progr\u00e8s ouverte au monde !<\/p>\t\t\t\t\t\t<\/div>\n\t\t\t\t<\/div>\n\t\t\t\t<div class=\"elementor-element elementor-element-762f9b85 elementor-widget elementor-widget-heading\" data-id=\"762f9b85\" data-element_type=\"widget\" data-widget_type=\"heading.default\">\n\t\t\t\t<div class=\"elementor-widget-container\">\n\t\t\t<h3 class=\"elementor-heading-title elementor-size-default\">Notre approche<\/h3>\t\t<\/div>\n\t\t\t\t<\/div>\n\t\t\t\t<div class=\"elementor-element elementor-element-777c392f elementor-widget elementor-widget-text-editor\" data-id=\"777c392f\" data-element_type=\"widget\" data-widget_type=\"text-editor.default\">\n\t\t\t\t<div class=\"elementor-widget-container\">\n\t\t\t\t\t\t\t<p>Vogue Groupe Sarl au Maroc accompagne plusieurs acteurs \u00e9conomiques marocains et internationaux issus des secteurs priv\u00e9 et public, ayant des ambitions de d\u00e9veloppement sur le continent africain. Pour consolider et renforcer son offre \u00ab Conseil &amp; Business Development Afrique \u00bb, Vogue Business est d\u00e9di\u00e9 \u00e0 l\u2019Afrique, c&rsquo;est un r\u00e9seau d&rsquo;acteurs strat\u00e9giques locaux, institutionnels et priv\u00e9s, dans l\u2019ensemble des pays africains qui collabore \u00e9troitement avec notre \u00e9quipe .<\/p><p>Notre \u00e9quipe, exp\u00e9riment\u00e9e et ma\u00eetrisant les sp\u00e9cificit\u00e9s des march\u00e9s africains, vous accompagne dans la concr\u00e9tisation de vos ambitions d\u2019internationalisation \u00e0 travers le continent, quels que soient votre secteur d\u2019activit\u00e9, votre envergure op\u00e9rationnelle ou votre niveau de d\u00e9veloppement.<\/p><p>Vogue Groupe Sarl propose une offre compl\u00e8te sur toute la chaine de valeur de la d\u00e9marche d\u2019\u2019internationalisation, allant de l\u2019amont strat\u00e9gique \u00e0 la concr\u00e9tisation op\u00e9rationnelle de votre vision de croissance. Et ce, dans un esprit de co-construction, de cr\u00e9ation d\u2019impacts et de valeurs ajout\u00e9es \u00e0 votre profit et \u00e0 celui des communaut\u00e9s locales.<\/p>\t\t\t\t\t\t<\/div>\n\t\t\t\t<\/div>\n\t\t\t\t<div class=\"elementor-element elementor-element-acdb42f elementor-widget elementor-widget-heading\" data-id=\"acdb42f\" data-element_type=\"widget\" data-widget_type=\"heading.default\">\n\t\t\t\t<div class=\"elementor-widget-container\">\n\t\t\t<h3 class=\"elementor-heading-title elementor-size-default\">Nos services <\/h3>\t\t<\/div>\n\t\t\t\t<\/div>\n\t\t\t\t<div class=\"elementor-element elementor-element-f842099 elementor-widget elementor-widget-text-editor\" data-id=\"f842099\" data-element_type=\"widget\" data-widget_type=\"text-editor.default\">\n\t\t\t\t<div class=\"elementor-widget-container\">\n\t\t\t\t\t\t\t<ul><li><strong>Strat\u00e9gie d\u2019internationalisation :<\/strong> Nous d\u00e9finissons ensemble les strat\u00e9gies d&rsquo;internationalisation les plus appropri\u00e9es et les alignons sur vos op\u00e9rations strat\u00e9giques et op\u00e9rationnelles : Diagnostic du potentiel de d\u00e9veloppement, Conseil strat\u00e9gique sur le positionnement \u00e0 l\u2019export, accompagnement dans l\u2019\u00e9laboration de la strat\u00e9gie de d\u00e9veloppement, Plan de d\u00e9veloppement \u00e0 l\u2019export, Choix d\u2019internationalisation, Assistance \u00e0 la recherche de partenaires\u2026<\/li><li><strong>Accompagnement et business Development :<\/strong> Nous vous mettons en relation avec des partenaires commerciaux : Organisation de missions BtoB et incoming missions, Renforcement des capacit\u00e9s organisationnelles\u2026<\/li><li><strong>Assistance \u00e0 l\u2019installation :<\/strong> Nous vous accompagnons dans la r\u00e9alisation de vos projets d\u2019implantation sur les march\u00e9s locaux d\u2019investissement : Analyse de l\u2019environnement juridique et fiscal, Accompagnement dans les financial services : due diligences, montages financiers, suivi post implantation\u2026<\/li><li><strong>Soutien \u00e0 l\u2019export :<\/strong> Nous vous proposons des missions exploratoires pour conna\u00eetre au mieux votre march\u00e9 cible : Diagnostic de l\u2019entreprise et son environnement, Analyse de l\u2019offre exportable, Accompagnement des primo-exportateurs, \u00e9tudes de march\u00e9s, veille et market intelligence, banques de projets, Accompagnement dans la prospection\u2026<\/li><li><strong>Formations sur-mesure :<\/strong> Nous mettons \u00e0 votre disposition plusieurs formations sur des th\u00e9matiques diff\u00e9rentes li\u00e9es au d\u00e9veloppement \u00e0 l\u2019international : D\u00e9veloppement commercial, R\u00e9glementation et logistique, Soutien et m\u00e9canismes de financement, Coaching interculturel africain&#8230;<\/li><li><strong>Supports aux transactions :<\/strong> Nous vous accompagnons dans vos d\u00e9marches strat\u00e9giques : Outsourcing comptable, juridique, fiscal et social.<\/li><\/ul>\t\t\t\t\t\t<\/div>\n\t\t\t\t<\/div>\n\t\t\t\t<div class=\"elementor-element elementor-element-3bfe6fe elementor-hidden-desktop elementor-hidden-tablet elementor-hidden-mobile elementor-widget elementor-widget-heading\" data-id=\"3bfe6fe\" data-element_type=\"widget\" data-widget_type=\"heading.default\">\n\t\t\t\t<div class=\"elementor-widget-container\">\n\t\t\t<h3 class=\"elementor-heading-title elementor-size-default\">Recherche de Partenaires Financiers, Techniques et Commerciaux<\/h3>\t\t<\/div>\n\t\t\t\t<\/div>\n\t\t\t\t<div class=\"elementor-element elementor-element-5e41602 elementor-hidden-desktop elementor-hidden-tablet elementor-hidden-mobile elementor-widget elementor-widget-text-editor\" data-id=\"5e41602\" data-element_type=\"widget\" data-widget_type=\"text-editor.default\">\n\t\t\t\t<div class=\"elementor-widget-container\">\n\t\t\t\t\t\t\t<p>Chez Vogue Groupe, nous mettons un point d&rsquo;honneur \u00e0 \u00e9largir notre r\u00e9seau \u00e0 travers des collaborations strat\u00e9giques avec des partenaires financiers, techniques et commerciaux. Nous cherchons constamment \u00e0 d\u00e9velopper des relations solides et mutuellement b\u00e9n\u00e9fiques qui renforcent notre capacit\u00e9 \u00e0 offrir des solutions int\u00e9gr\u00e9es et innovantes \u00e0 nos clients. En s&rsquo;associant avec des acteurs cl\u00e9s dans divers secteurs, Vogue Groupe vise \u00e0 optimiser ses services et \u00e0 r\u00e9pondre efficacement aux d\u00e9fis complexes de nos clients, tout en assurant une croissance durable et profitable pour toutes les parties impliqu\u00e9es.<\/p>\t\t\t\t\t\t<\/div>\n\t\t\t\t<\/div>\n\t\t\t\t<div class=\"elementor-element elementor-element-3067ad23 elementor-hidden-desktop elementor-hidden-tablet elementor-hidden-mobile elementor-widget elementor-widget-consua_faq_widget\" data-id=\"3067ad23\" data-element_type=\"widget\" data-widget_type=\"consua_faq_widget.default\">\n\t\t\t\t<div class=\"elementor-widget-container\">\n\t\t\t\r\n    <div class=\"faq-style-one dark\">\r\n    \t\t        <h3 class=\"mb-30\">\r\n\t        \tQuestions courantes pour ce projet\t        <\/h3>\r\n                <div class=\"accordion\" id=\"faqAccordion\">\r\n\r\n        \t            <div class=\"accordion-item\">\r\n                <h2 class=\"accordion-header\" id=\"heading1\">\r\n                    <button class=\"accordion-button \" type=\"button\" data-bs-toggle=\"collapse\" data-bs-target=\"#collapse1\" aria-expanded=\"true\" aria-controls=\"collapse1\">\r\n                       Quels types d'entreprises Vogue Business accompagne-t-il ?                    <\/button>\r\n                <\/h2>\r\n                <div id=\"collapse1\" class=\"accordion-collapse collapse show\" aria-labelledby=\"collapse1\" data-bs-parent=\"#faqAccordion\">\r\n                    <div class=\"accordion-body\">\r\n                        <p>\r\n                          \tVogue Business accompagne les entreprises de toutes tailles et de tous secteurs d'activit\u00e9, des start-ups aux grandes entreprises.                        <\/p>\r\n                    <\/div>\r\n                <\/div>\r\n            <\/div>\r\n           \t            <div class=\"accordion-item\">\r\n                <h2 class=\"accordion-header\" id=\"heading2\">\r\n                    <button class=\"accordion-button collapsed\" type=\"button\" data-bs-toggle=\"collapse\" data-bs-target=\"#collapse2\" aria-expanded=\"true\" aria-controls=\"collapse2\">\r\n                       Comment Vogue Business aide-t-il les entreprises \u00e0 am\u00e9liorer leur rentabilit\u00e9 ?                    <\/button>\r\n                <\/h2>\r\n                <div id=\"collapse2\" class=\"accordion-collapse collapse \" aria-labelledby=\"collapse2\" data-bs-parent=\"#faqAccordion\">\r\n                    <div class=\"accordion-body\">\r\n                        <p>\r\n                          \tNous fournissons des analyses financi\u00e8res approfondies et des conseils strat\u00e9giques pour optimiser les op\u00e9rations et maximiser les profits.                        <\/p>\r\n                    <\/div>\r\n                <\/div>\r\n            <\/div>\r\n           \t            <div class=\"accordion-item\">\r\n                <h2 class=\"accordion-header\" id=\"heading3\">\r\n                    <button class=\"accordion-button collapsed\" type=\"button\" data-bs-toggle=\"collapse\" data-bs-target=\"#collapse3\" aria-expanded=\"true\" aria-controls=\"collapse3\">\r\n                       Quels sont les avantages de faire appel \u00e0 Vogue Business pour la gestion des ressources humaines ?                    <\/button>\r\n                <\/h2>\r\n                <div id=\"collapse3\" class=\"accordion-collapse collapse \" aria-labelledby=\"collapse3\" data-bs-parent=\"#faqAccordion\">\r\n                    <div class=\"accordion-body\">\r\n                        <p>\r\n                          \tNous proposons des solutions personnalis\u00e9es qui permettent aux entreprises de recruter, de former et de fid\u00e9liser les meilleurs talents, ce qui renforce leur \u00e9quipe et leur comp\u00e9titivit\u00e9 sur le march\u00e9.                        <\/p>\r\n                    <\/div>\r\n                <\/div>\r\n            <\/div>\r\n           \t \r\n        <\/div>\r\n    <\/div>\r\n\r\n\t\t\t<\/div>\n\t\t\t\t<\/div>\n\t\t\t\t<div class=\"elementor-element elementor-element-98bb01d elementor-widget elementor-widget-heading\" data-id=\"98bb01d\" data-element_type=\"widget\" data-widget_type=\"heading.default\">\n\t\t\t\t<div class=\"elementor-widget-container\">\n\t\t\t<h3 class=\"elementor-heading-title elementor-size-default\">Contacter nos services<\/h3>\t\t<\/div>\n\t\t\t\t<\/div>\n\t\t\t\t<div class=\"elementor-element elementor-element-c780152 elementor-widget elementor-widget-shortcode\" data-id=\"c780152\" data-element_type=\"widget\" data-widget_type=\"shortcode.default\">\n\t\t\t\t<div class=\"elementor-widget-container\">\n\t\t\t\t\t<div class=\"elementor-shortcode\">\n<div class=\"wpcf7 no-js\" id=\"wpcf7-f2806-o1\" lang=\"en-US\" dir=\"ltr\">\n<div class=\"screen-reader-response\"><p role=\"status\" aria-live=\"polite\" aria-atomic=\"true\"><\/p> <ul><\/ul><\/div>\n<form action=\"\/index.php\/wp-json\/wp\/v2\/pages\/3135#wpcf7-f2806-o1\" method=\"post\" class=\"wpcf7-form init\" aria-label=\"Contact form\" novalidate=\"novalidate\" data-status=\"init\">\n<div style=\"display: none;\">\n<input type=\"hidden\" name=\"_wpcf7\" value=\"2806\" \/>\n<input type=\"hidden\" name=\"_wpcf7_version\" value=\"5.9.6\" \/>\n<input type=\"hidden\" name=\"_wpcf7_locale\" value=\"en_US\" \/>\n<input type=\"hidden\" name=\"_wpcf7_unit_tag\" value=\"wpcf7-f2806-o1\" \/>\n<input type=\"hidden\" name=\"_wpcf7_container_post\" value=\"0\" \/>\n<input type=\"hidden\" name=\"_wpcf7_posted_data_hash\" value=\"\" \/>\n<input type=\"hidden\" name=\"_wpcf7_recaptcha_response\" value=\"\" \/>\n<\/div>\n<input class=\"wpcf7-form-control wpcf7-hidden\" id=\"page_info\" value=\"\" type=\"hidden\" name=\"page_info\" \/>\n<div class=\"row\">\n    <div class=\"col-lg-6\">\n        <div class=\"form-group\">\n             <span class=\"wpcf7-form-control-wrap\" data-name=\"text-910\"><input size=\"40\" maxlength=\"80\" class=\"wpcf7-form-control wpcf7-text wpcf7-validates-as-required form-control\" id=\"name_family\" aria-required=\"true\" aria-invalid=\"false\" placeholder=\"Nom\" value=\"\" type=\"text\" name=\"text-910\" \/><\/span>\n        <\/div>\n    <\/div>\n    <div class=\"col-lg-6\">\n        <div class=\"form-group\">\n             <span class=\"wpcf7-form-control-wrap\" data-name=\"text-911\"><input size=\"40\" maxlength=\"80\" class=\"wpcf7-form-control wpcf7-text wpcf7-validates-as-required form-control\" id=\"name_perso\" aria-required=\"true\" aria-invalid=\"false\" placeholder=\"Pr\u00e9nom\" value=\"\" type=\"text\" name=\"text-911\" \/><\/span>\n        <\/div>\n    <\/div>\n<\/div>\n<div class=\"row\">\n    <div class=\"col-lg-6\">\n        <div class=\"form-group\">\n            <span class=\"wpcf7-form-control-wrap\" data-name=\"text-912\"><input size=\"40\" maxlength=\"80\" class=\"wpcf7-form-control wpcf7-text wpcf7-validates-as-required form-control\" id=\"email\" aria-required=\"true\" aria-invalid=\"false\" placeholder=\"Email*\" value=\"\" type=\"text\" name=\"text-912\" \/><\/span>\n        <\/div>\n    <\/div>\n  <div class=\"col-lg-6\">\n        <div class=\"form-group\">\n            <span class=\"wpcf7-form-control-wrap\" data-name=\"text-913\"><input size=\"40\" maxlength=\"80\" class=\"wpcf7-form-control wpcf7-text wpcf7-validates-as-required form-control\" id=\"phone\" aria-required=\"true\" aria-invalid=\"false\" placeholder=\"T\u00e9l\u00e9phone\" value=\"\" type=\"text\" name=\"text-913\" \/><\/span>\n        <\/div>\n    <\/div>\n<\/div>\n\n<div class=\"row\">\n    <div class=\"col-lg-12\">\n        <div class=\"form-group\">\n            <span class=\"wpcf7-form-control-wrap\" data-name=\"your-message\"><textarea cols=\"40\" rows=\"10\" maxlength=\"400\" class=\"wpcf7-form-control wpcf7-textarea wpcf7-validates-as-required form-control\" id=\"your-message\" aria-required=\"true\" aria-invalid=\"false\" placeholder=\"Votre message\" name=\"your-message\"><\/textarea><\/span>\n        <\/div>\n    <\/div>\n<\/div>\n\n<div class=\"row\">\n    <div class=\"col-lg-12\">\n        <button type=\"submit\" name=\"submit\" id=\"submit\" class=\"btn mt-30 circle btn-sm btn-gradient\"><i class=\"fa fa-paper-plane\"><\/i> Envoyer<\/button>\n    <\/div>\n<\/div><div class=\"wpcf7-response-output\" aria-hidden=\"true\"><\/div>\n<\/form>\n<\/div>\n<\/div>\n\t\t\t\t<\/div>\n\t\t\t\t<\/div>\n\t\t\t\t\t<\/div>\n\t\t<\/div>\n\t\t\t\t\t<\/div>\n\t\t<\/section>\n\t\t\t\t<\/div>\n\t\t","protected":false},"excerpt":{"rendered":"<p>Vogue Groupe Services Vogue Business Vogue Interim Vogue Immo Vogue Event Vogue Green Besoin d&rsquo;aide ? VOGUE Groupe, votre partenaire de choix pour des solutions innovantes et de haute qualit\u00e9, booste votre croissance et maximise votre succ\u00e8s. Contactez-nous d\u00e8s aujourd&rsquo;hui et propulsez votre entreprise vers de nouveaux sommets. +212 528 24 03 92 contact@groupe-vogue.com Contactez&#8230;<\/p>\n","protected":false},"author":1,"featured_media":0,"parent":0,"menu_order":0,"comment_status":"closed","ping_status":"closed","template":"elementor_header_footer","meta":{"footnotes":""},"aioseo_notices":[],"_links":{"self":[{"href":"https:\/\/groupe-vogue.com\/index.php\/wp-json\/wp\/v2\/pages\/3135"}],"collection":[{"href":"https:\/\/groupe-vogue.com\/index.php\/wp-json\/wp\/v2\/pages"}],"about":[{"href":"https:\/\/groupe-vogue.com\/index.php\/wp-json\/wp\/v2\/types\/page"}],"author":[{"embeddable":true,"href":"https:\/\/groupe-vogue.com\/index.php\/wp-json\/wp\/v2\/users\/1"}],"replies":[{"embeddable":true,"href":"https:\/\/groupe-vogue.com\/index.php\/wp-json\/wp\/v2\/comments?post=3135"}],"version-history":[{"count":47,"href":"https:\/\/groupe-vogue.com\/index.php\/wp-json\/wp\/v2\/pages\/3135\/revisions"}],"predecessor-version":[{"id":4003,"href":"https:\/\/groupe-vogue.com\/index.php\/wp-json\/wp\/v2\/pages\/3135\/revisions\/4003"}],"wp:attachment":[{"href":"https:\/\/groupe-vogue.com\/index.php\/wp-json\/wp\/v2\/media?parent=3135"}],"curies":[{"name":"wp","href":"https:\/\/api.w.org\/{rel}","templated":true}]}}