{"id":1902,"date":"2024-06-04T17:28:44","date_gmt":"2024-06-04T17:28:44","guid":{"rendered":"https:\/\/validthemes.net\/themeforest\/wp\/consua\/?page_id=1902"},"modified":"2024-07-11T08:41:19","modified_gmt":"2024-07-11T08:41:19","slug":"nos-services","status":"publish","type":"page","link":"https:\/\/groupe-vogue.com\/index.php\/nos-services\/","title":{"rendered":"Nos services"},"content":{"rendered":"\t\t<div data-elementor-type=\"wp-page\" data-elementor-id=\"1902\" class=\"elementor elementor-1902\" data-elementor-post-type=\"page\">\n\t\t\t\t\t\t<section class=\"elementor-section elementor-top-section elementor-element elementor-element-26117c4 elementor-section-full_width elementor-section-height-default elementor-section-height-default\" data-id=\"26117c4\" data-element_type=\"section\">\n\t\t\t\t\t\t<div class=\"elementor-container elementor-column-gap-no\">\n\t\t\t\t\t<div class=\"elementor-column elementor-col-100 elementor-top-column elementor-element elementor-element-c9e787f\" data-id=\"c9e787f\" data-element_type=\"column\">\n\t\t\t<div class=\"elementor-widget-wrap elementor-element-populated\">\n\t\t\t\t\t\t<div class=\"elementor-element elementor-element-9e3166e elementor-widget elementor-widget-consua_team\" data-id=\"9e3166e\" data-element_type=\"widget\" data-widget_type=\"consua_team.default\">\n\t\t\t\t<div class=\"elementor-widget-container\">\n\t\t\t\r\n    <!-- Start Team Style One\r\n    ============================================= -->\r\n    <div class=\"team-style-onea-rea default-padding-top pb-70 pb-xs-0 bg-contain-center\" style=\"background-image: url(https:\/\/validthemes.net\/themeforest\/wp\/consua\/wp-content\/uploads\/2023\/05\/18.png);\">\r\n    \t\t        <div class=\"container\">\r\n\t            <div class=\"row\">\r\n\t                <div class=\"col-lg-8 offset-lg-2\">\r\n\t                    <div class=\"site-heading text-center\">\r\n\t                        <h4 class=\"sub-heading\">CE QUE NOUS PROPOSONS\n\n\n\n\n\n<\/h4>\r\n\t                        <h2 class=\"title\">D\u00e9couvrez nos prestations<\/h2>\r\n\t                        <div class=\"devider\"><\/div>\r\n\t                    <\/div>\r\n\t                <\/div>\r\n\t            <\/div>\r\n\t        <\/div>\r\n    \t        <div class=\"container\" style=\"max-width: 900px; margin: 0 auto;\">\r\n            <div class=\"row\">\r\n            \t\t                <!-- Single Item -->\r\n\t                <div class=\"col-xl-6 col-md-6\">\r\n\t                    <div class=\"team-style-one active\">\r\n\t                        <div class=\"thumb\">\r\n\t                            \t\t\t\t\t\t\t    \t\t                            <div class=\"social\">\r\n\t\t                                <ul>\r\n\t\t                                \t<li class=\"facebook\">\r\n    <a href=\"https:\/\/www.facebook.com\">\r\n        <i class=\"fab fa-facebook-f\"><\/i>\r\n    <\/a>\r\n<\/li>\r\n<li class=\"twitter\">\r\n    <a href=\"https:\/\/www.twitter.com\">\r\n        <i class=\"fab fa-twitter\"><\/i>\r\n    <\/a>\r\n<\/li>\r\n<li class=\"linkedin\">\r\n    <a href=\"https:\/\/www.linkedin.com\">\r\n        <i class=\"fab fa-linkedin-in\"><\/i>\r\n    <\/a>\r\n<\/li>\t\t                                <\/ul>\r\n\t\t                            <\/div>\r\n\t                        \t\t                        <\/div>\r\n\t                        <div class=\"info\">\r\n\t                            <span><\/span>\r\n\t                            <h4><a href=\"https:\/\/validthemes.net\/themeforest\/wp\/consua\/team-details\/\"><\/a><\/h4>\r\n\t                        <\/div>\r\n\t                    <\/div>\r\n\t                <\/div>\r\n\t                <!-- End Single Item -->\r\n                \t                <!-- Single Item -->\r\n\t                <div class=\"col-xl-6 col-md-6\">\r\n\t                    <div class=\"team-style-one\">\r\n\t                        <div class=\"thumb\">\r\n\t                            \t\t\t\t\t\t\t    \t\t                            <div class=\"social\">\r\n\t\t                                <ul>\r\n\t\t                                \t<li class=\"facebook\">\r\n    <a href=\"https:\/\/www.facebook.com\">\r\n        <i class=\"fab fa-facebook-f\"><\/i>\r\n    <\/a>\r\n<\/li>\r\n<li class=\"twitter\">\r\n    <a href=\"https:\/\/www.twitter.com\">\r\n        <i class=\"fab fa-twitter\"><\/i>\r\n    <\/a>\r\n<\/li>\r\n<li class=\"linkedin\">\r\n    <a href=\"https:\/\/www.linkedin.com\">\r\n        <i class=\"fab fa-linkedin-in\"><\/i>\r\n    <\/a>\r\n<\/li>\t\t                                <\/ul>\r\n\t\t                            <\/div>\r\n\t                        \t\t                        <\/div>\r\n\t                        <div class=\"info\">\r\n\t                            <span><\/span>\r\n\t                            <h4><a href=\"https:\/\/validthemes.net\/themeforest\/wp\/consua\/team-details\/\"><\/a><\/h4>\r\n\t                        <\/div>\r\n\t                    <\/div>\r\n\t                <\/div>\r\n\t                <!-- End Single Item -->\r\n                            <\/div>\r\n        <\/div>\r\n    <\/div>\r\n    <!-- End Team Style One -->\r\n\r\n\t\t\t<\/div>\n\t\t\t\t<\/div>\n\t\t\t\t\t<\/div>\n\t\t<\/div>\n\t\t\t\t\t<\/div>\n\t\t<\/section>\n\t\t<div class=\"elementor-element elementor-element-411b088 e-flex e-con-boxed e-con e-parent\" data-id=\"411b088\" data-element_type=\"container\" data-settings=\"{&quot;background_background&quot;:&quot;slideshow&quot;,&quot;background_slideshow_slide_duration&quot;:500,&quot;background_slideshow_slide_transition&quot;:&quot;slide_down&quot;,&quot;background_slideshow_gallery&quot;:[],&quot;background_slideshow_transition_duration&quot;:500}\">\n\t\t\t\t\t<div class=\"e-con-inner\">\n\t\t\t\t<div class=\"elementor-element elementor-element-2905b16 elementor-widget elementor-widget-consua_service_cta\" data-id=\"2905b16\" data-element_type=\"widget\" data-widget_type=\"consua_service_cta.default\">\n\t\t\t\t<div class=\"elementor-widget-container\">\n\t\t\t    <!-- Start Service CTA\r\n    ============================================= -->\r\n    <div class=\"single-widget bg-dark quick-contact-widget text-light\" style=\"background-image: url(https:\/\/groupe-vogue.com\/wp-content\/uploads\/2024\/06\/business.jpg);\">\r\n        <div class=\"content\">\r\n            <h3><h2>Vogue Business<\/h2> \n<h4>Accompagnement business<\/h4><\/h3>\r\n            <p>\r\n               Vogue Business offre un accompagnement complet pour le d\u00e9veloppement des entreprises. Que ce soit pour la strat\u00e9gie, le marketing, ou la gestion op\u00e9rationnelle, nous fournissons des conseils avis\u00e9s et des solutions innovantes pour optimiser les performances et la rentabilit\u00e9 de nos clients.            <\/p>\r\n                                                \t<a class=\"btn mt-30 circle btn-sm btn-gradient\" href=\"https:\/\/groupe-vogue.com\/index.php\/vogue-business\/\">Voir d\u00e9tails<\/a>\r\n        \t        <\/div>\r\n    <\/div>\r\n    <!-- End Service CTA -->\r\n\t\t\t<\/div>\n\t\t\t\t<\/div>\n\t\t\t\t<div class=\"elementor-element elementor-element-7b93af9 elementor-widget elementor-widget-consua_service_cta\" data-id=\"7b93af9\" data-element_type=\"widget\" data-widget_type=\"consua_service_cta.default\">\n\t\t\t\t<div class=\"elementor-widget-container\">\n\t\t\t    <!-- Start Service CTA\r\n    ============================================= -->\r\n    <div class=\"single-widget bg-dark quick-contact-widget text-light\" style=\"background-image: url(https:\/\/groupe-vogue.com\/wp-content\/uploads\/2024\/06\/manager-interim-team-of-business-people-in-office-2023-11-27-05-02-28-utc.jpg);\">\r\n        <div class=\"content\">\r\n            <h3><h2>Vogue Interim<\/h2> \n<h4>Recrutement, Int\u00e9rim, Formation, Conseil <\/h4><\/h3>\r\n            <p>\r\n              Vogue Interim est notre service d\u00e9di\u00e9 au recrutement, \u00e0 l\u2019int\u00e9rim, \u00e0 la formation et au conseil. Nous offrons des solutions sur mesure pour r\u00e9pondre aux besoins en personnel de nos clients, qu\u2019il s\u2019agisse de postes temporaires ou permanents. Notre approche personnalis\u00e9e assure que chaque candidat correspond parfaitement \u00e0 la culture et aux exigences de l\u2019entreprise.            <\/p>\r\n                                                \t<a class=\"btn mt-30 circle btn-sm btn-gradient\" href=\"https:\/\/groupe-vogue.com\/index.php\/vogue-interim\/\">Voir d\u00e9tails<\/a>\r\n        \t        <\/div>\r\n    <\/div>\r\n    <!-- End Service CTA -->\r\n\t\t\t<\/div>\n\t\t\t\t<\/div>\n\t\t\t\t<div class=\"elementor-element elementor-element-5cca21e elementor-widget elementor-widget-consua_service_cta\" data-id=\"5cca21e\" data-element_type=\"widget\" data-widget_type=\"consua_service_cta.default\">\n\t\t\t\t<div class=\"elementor-widget-container\">\n\t\t\t    <!-- Start Service CTA\r\n    ============================================= -->\r\n    <div class=\"single-widget bg-dark quick-contact-widget text-light\" style=\"background-image: url(https:\/\/groupe-vogue.com\/wp-content\/uploads\/2024\/06\/immo-vogue.jpg);\">\r\n        <div class=\"content\">\r\n            <h3><h2>Vogue Immo<\/h2> \n<h4>Interm\u00e9diaire immobilier<\/h4><\/h3>\r\n            <p>\r\n              Vogue Immo est sp\u00e9cialis\u00e9 dans l\u2019interm\u00e9diation immobili\u00e8re, facilitant les transactions de biens r\u00e9sidentiels et commerciaux. Nous accompagnons nos clients dans l\u2019achat, la vente et la location de biens immobiliers, en assurant une exp\u00e9rience fluide et professionnelle.            <\/p>\r\n                                                \t<a class=\"btn mt-30 circle btn-sm btn-gradient\" href=\"https:\/\/groupe-vogue.com\/index.php\/vogue-immo\/\">Voir d\u00e9tails<\/a>\r\n        \t        <\/div>\r\n    <\/div>\r\n    <!-- End Service CTA -->\r\n\t\t\t<\/div>\n\t\t\t\t<\/div>\n\t\t\t\t<div class=\"elementor-element elementor-element-2f85630 elementor-widget elementor-widget-consua_service_cta\" data-id=\"2f85630\" data-element_type=\"widget\" data-widget_type=\"consua_service_cta.default\">\n\t\t\t\t<div class=\"elementor-widget-container\">\n\t\t\t    <!-- Start Service CTA\r\n    ============================================= -->\r\n    <div class=\"single-widget bg-dark quick-contact-widget text-light\" style=\"background-image: url(https:\/\/groupe-vogue.com\/wp-content\/uploads\/2024\/06\/Untitled.jpg);\">\r\n        <div class=\"content\">\r\n            <h3><h2>Vogue Event<\/h2> \n<h4>Organisation des \u00e9v\u00e9nements<\/h4><\/h3>\r\n            <p>\r\n              Vogue Event se sp\u00e9cialise dans l\u2019organisation d\u2019\u00e9v\u00e9nements sur mesure, allant des mariages et f\u00eates priv\u00e9es aux conf\u00e9rences et \u00e9v\u00e9nements d\u2019entreprise. Nous offrons une planification compl\u00e8te et une ex\u00e9cution parfaite pour garantir le succ\u00e8s et l\u2019unicit\u00e9 de chaque \u00e9v\u00e9nement.            <\/p>\r\n                                                \t<a class=\"btn mt-30 circle btn-sm btn-gradient\" href=\"https:\/\/groupe-vogue.com\/index.php\/vogue-event\/\">Voir d\u00e9tails<\/a>\r\n        \t        <\/div>\r\n    <\/div>\r\n    <!-- End Service CTA -->\r\n\t\t\t<\/div>\n\t\t\t\t<\/div>\n\t\t\t\t<div class=\"elementor-element elementor-element-70781be elementor-widget elementor-widget-consua_service_cta\" data-id=\"70781be\" data-element_type=\"widget\" data-widget_type=\"consua_service_cta.default\">\n\t\t\t\t<div class=\"elementor-widget-container\">\n\t\t\t    <!-- Start Service CTA\r\n    ============================================= -->\r\n    <div class=\"single-widget bg-dark quick-contact-widget text-light\" style=\"background-image: url(https:\/\/groupe-vogue.com\/wp-content\/uploads\/2024\/06\/garden-light-in-the-home-garden-2023-11-27-04-50-53-utc1.jpg);\">\r\n        <div class=\"content\">\r\n            <h3><h2>Vogue Green<\/h2> \n<h4>Entretien espaces verts, jardins, piscines<\/h4><\/h3>\r\n            <p>\r\n               Vogue Green se consacre \u00e0 l\u2019entretien des espaces verts, jardins et piscines. Nous offrons des services de maintenance et d\u2019am\u00e9nagement paysager pour cr\u00e9er des environnements ext\u00e9rieurs esth\u00e9tiques et fonctionnels, contribuant ainsi \u00e0 l\u2019am\u00e9lioration de la qualit\u00e9 de vie.            <\/p>\r\n                                                \t<a class=\"btn mt-30 circle btn-sm btn-gradient\" href=\"https:\/\/groupe-vogue.com\/index.php\/vogue-green\/\">Voir d\u00e9tails<\/a>\r\n        \t        <\/div>\r\n    <\/div>\r\n    <!-- End Service CTA -->\r\n\t\t\t<\/div>\n\t\t\t\t<\/div>\n\t\t\t\t\t<\/div>\n\t\t\t\t<\/div>\n\t\t\t\t<section class=\"elementor-section elementor-top-section elementor-element elementor-element-3d9f458 elementor-section-full_width bg-gray elementor-section-height-default elementor-section-height-default\" data-id=\"3d9f458\" data-element_type=\"section\">\n\t\t\t\t\t\t<div class=\"elementor-container elementor-column-gap-no\">\n\t\t\t\t\t<div class=\"elementor-column elementor-col-100 elementor-top-column elementor-element elementor-element-3f51278\" data-id=\"3f51278\" data-element_type=\"column\">\n\t\t\t<div class=\"elementor-widget-wrap elementor-element-populated\">\n\t\t\t\t\t\t<div class=\"elementor-element elementor-element-15e8582 elementor-widget elementor-widget-consua_partner\" data-id=\"15e8582\" data-element_type=\"widget\" data-widget_type=\"consua_partner.default\">\n\t\t\t\t<div class=\"elementor-widget-container\">\n\t\t\t    <!-- Start Partner Area  \r\n    ============================================= -->\r\n\t    <div class=\"partner-style-one-area\">\r\n\t        <div class=\"container\">\r\n\t            <div class=\"row align-center\">\r\n\t                <div class=\"col-lg-5\">\r\n\t                    <div class=\"partner-map\" style=\"background-image: url(https:\/\/validthemes.net\/themeforest\/wp\/consua\/wp-content\/uploads\/2023\/07\/map.png);\">\r\n\t                        <h2 class=\"mask-text\" style=\"background-image: url(https:\/\/validthemes.net\/themeforest\/wp\/consua\/wp-content\/uploads\/2023\/07\/10.jpg);\">80<\/h2>\r\n\t                        \t                        \t<h4>Partenaires dans le monde entier<\/h4>\r\n\t                    \t\t                    <\/div>\r\n\t                <\/div>\r\n\t                <div class=\"col-lg-6 offset-lg-1\">\r\n\t                    <div class=\"partner-items\">\r\n\t                        <ul>\r\n\t\t\t\t\t\t\t\t\t\t                            <li>\r\n\t\t                            \t<img decoding=\"async\" src=\"https:\/\/groupe-vogue.com\/wp-content\/uploads\/2024\/06\/morocco.jpg\" alt=\"Vogue Group\">\r\n\t\t                            <\/li>\r\n\t                            \t\t                            <li>\r\n\t\t                            \t<img decoding=\"async\" src=\"https:\/\/groupe-vogue.com\/wp-content\/uploads\/2024\/06\/abidjan.jpg\" alt=\"Vogue Group\">\r\n\t\t                            <\/li>\r\n\t                            \t\t                            <li>\r\n\t\t                            \t<img decoding=\"async\" src=\"https:\/\/groupe-vogue.com\/wp-content\/uploads\/2024\/06\/dakar.jpg\" alt=\"Vogue Group\">\r\n\t\t                            <\/li>\r\n\t                            \t\t                            <li>\r\n\t\t                            \t<img decoding=\"async\" src=\"https:\/\/groupe-vogue.com\/wp-content\/uploads\/2024\/06\/mali.jpg\" alt=\"Vogue Group\">\r\n\t\t                            <\/li>\r\n\t                            \t\t                            <li>\r\n\t\t                            \t<img decoding=\"async\" src=\"https:\/\/groupe-vogue.com\/wp-content\/uploads\/2024\/06\/londres.jpg\" alt=\"Vogue Group\">\r\n\t\t                            <\/li>\r\n\t                            \t\t                            <li>\r\n\t\t                            \t<img decoding=\"async\" src=\"https:\/\/groupe-vogue.com\/wp-content\/uploads\/2024\/06\/paris.jpg\" alt=\"Vogue Group\">\r\n\t\t                            <\/li>\r\n\t                            \t\t                            <li>\r\n\t\t                            \t<img decoding=\"async\" src=\"https:\/\/groupe-vogue.com\/wp-content\/uploads\/2024\/06\/belgium.jpg\" alt=\"Vogue Group\">\r\n\t\t                            <\/li>\r\n\t                            \t\t                            <li>\r\n\t\t                            \t<img decoding=\"async\" src=\"https:\/\/groupe-vogue.com\/wp-content\/uploads\/2024\/06\/canada.jpg\" alt=\"Vogue Group\">\r\n\t\t                            <\/li>\r\n\t                            \t                        <\/ul>\r\n\t                    <\/div>\r\n\t                <\/div>\r\n\t            <\/div>\r\n\t        <\/div>\r\n\t    <\/div>\r\n    <!-- End Partner Area -->\r\n\t\t\t<\/div>\n\t\t\t\t<\/div>\n\t\t\t\t\t<\/div>\n\t\t<\/div>\n\t\t\t\t\t<\/div>\n\t\t<\/section>\n\t\t\t\t<section class=\"elementor-section elementor-top-section elementor-element elementor-element-f75a9f1 elementor-section-full_width elementor-section-height-default elementor-section-height-default\" data-id=\"f75a9f1\" data-element_type=\"section\">\n\t\t\t\t\t\t<div class=\"elementor-container elementor-column-gap-no\">\n\t\t\t\t\t<div class=\"elementor-column elementor-col-100 elementor-top-column elementor-element elementor-element-01e2040\" data-id=\"01e2040\" data-element_type=\"column\">\n\t\t\t<div class=\"elementor-widget-wrap elementor-element-populated\">\n\t\t\t\t\t\t<div class=\"elementor-element elementor-element-5b065cb elementor-widget elementor-widget-consua_request_callback\" data-id=\"5b065cb\" data-element_type=\"widget\" data-widget_type=\"consua_request_callback.default\">\n\t\t\t\t<div class=\"elementor-widget-container\">\n\t\t\t\r\n    <!-- Start Request Call Back \r\n    ============================================= -->\r\n    <div class=\"request-call-back-area text-light default-padding\" style=\"background-image: url(https:\/\/validthemes.net\/themeforest\/wp\/consua\/wp-content\/uploads\/2023\/06\/13.jpg);\">\r\n        <div class=\"container\">\r\n            <div class=\"row align-center\">\r\n                <div class=\"col-lg-6\">\r\n                    <h2 class=\"title\">\u00c0 la recherche d&#039;un Consultant en Affaires de Premier Ordre ?<\/h2>\r\n                                        \t<a class=\"btn circle btn-light mt-30 mt-md-15 mt-xs-10 btn-md radius animation\" href=\"https:\/\/groupe-vogue.com\/index.php\/contact\/\">Demander un rappel<\/a>\r\n                \t                <\/div>\r\n                <div class=\"col-lg-6 text-end\">\r\n                    <div class=\"achivement-counter\">\r\n                        <ul>\r\n                        \t\t                            <li>\r\n                                    <div class=\"icon\">\r\n\t\t\t\t                       \t\t\t\t                        <i class=\"flaticon-solution-4\"><\/i>\r\n\t\t\t\t\t                    \t\t\t\t                    \t\t\t\t                    \t\t\t\t                    <\/div>\r\n\t                                <div class=\"fun-fact\">\r\n\t                                    <div class=\"counter\">\r\n\t                                        <div class=\"timer\" data-to=\"\" data-speed=\"2000\"><\/div>\r\n\t                                        <div class=\"operator\"><\/div>\r\n\t                                    <\/div>\r\n\t                                    <span class=\"medium\"><\/span>\r\n\t                                <\/div>\r\n\t                            <\/li>\r\n                                                    <\/ul>\r\n                    <\/div>\r\n                <\/div>\r\n            <\/div>\r\n        <\/div>\r\n    <\/div>\r\n    <!-- End Request Call Back  -->\r\n\r\n    \t\t<\/div>\n\t\t\t\t<\/div>\n\t\t\t\t\t<\/div>\n\t\t<\/div>\n\t\t\t\t\t<\/div>\n\t\t<\/section>\n\t\t\t\t<\/div>\n\t\t","protected":false},"excerpt":{"rendered":"<p>CE QUE NOUS PROPOSONS D\u00e9couvrez nos prestations Vogue Business Accompagnement business Vogue Business offre un accompagnement complet pour le d\u00e9veloppement des entreprises. Que ce soit pour la strat\u00e9gie, le marketing, ou la gestion op\u00e9rationnelle, nous fournissons des conseils avis\u00e9s et des solutions innovantes pour optimiser les performances et la rentabilit\u00e9 de nos clients. Voir d\u00e9tails&#8230;<\/p>\n","protected":false},"author":1,"featured_media":0,"parent":0,"menu_order":0,"comment_status":"closed","ping_status":"closed","template":"elementor_header_footer","meta":{"footnotes":""},"aioseo_notices":[],"_links":{"self":[{"href":"https:\/\/groupe-vogue.com\/index.php\/wp-json\/wp\/v2\/pages\/1902"}],"collection":[{"href":"https:\/\/groupe-vogue.com\/index.php\/wp-json\/wp\/v2\/pages"}],"about":[{"href":"https:\/\/groupe-vogue.com\/index.php\/wp-json\/wp\/v2\/types\/page"}],"author":[{"embeddable":true,"href":"https:\/\/groupe-vogue.com\/index.php\/wp-json\/wp\/v2\/users\/1"}],"replies":[{"embeddable":true,"href":"https:\/\/groupe-vogue.com\/index.php\/wp-json\/wp\/v2\/comments?post=1902"}],"version-history":[{"count":115,"href":"https:\/\/groupe-vogue.com\/index.php\/wp-json\/wp\/v2\/pages\/1902\/revisions"}],"predecessor-version":[{"id":3987,"href":"https:\/\/groupe-vogue.com\/index.php\/wp-json\/wp\/v2\/pages\/1902\/revisions\/3987"}],"wp:attachment":[{"href":"https:\/\/groupe-vogue.com\/index.php\/wp-json\/wp\/v2\/media?parent=1902"}],"curies":[{"name":"wp","href":"https:\/\/api.w.org\/{rel}","templated":true}]}}