{"id":3651,"date":"2024-06-12T10:32:21","date_gmt":"2024-06-12T10:32:21","guid":{"rendered":"https:\/\/groupe-vogue.com\/index.php\/vogue-business\/"},"modified":"2024-06-24T14:45:41","modified_gmt":"2024-06-24T14:45:41","slug":"vogue-business","status":"publish","type":"page","link":"https:\/\/groupe-vogue.com\/en\/index.php\/vogue-business\/","title":{"rendered":"Vogue Business"},"content":{"rendered":"\t\t<div data-elementor-type=\"wp-page\" data-elementor-id=\"3651\" class=\"elementor elementor-3651 elementor-3135\" data-elementor-post-type=\"page\">\n\t\t\t\t\t\t<section class=\"elementor-section elementor-top-section elementor-element elementor-element-22c57465 services-details-area elementor-section-boxed elementor-section-height-default elementor-section-height-default\" data-id=\"22c57465\" data-element_type=\"section\">\n\t\t\t\t\t\t<div class=\"elementor-container elementor-column-gap-no\">\n\t\t\t\t\t<div class=\"elementor-column elementor-col-50 elementor-top-column elementor-element elementor-element-21f538bd services-sidebar\" data-id=\"21f538bd\" data-element_type=\"column\">\n\t\t\t<div class=\"elementor-widget-wrap elementor-element-populated\">\n\t\t\t\t\t\t<div class=\"elementor-element elementor-element-28ed781c elementor-widget elementor-widget-consua_service_navmenu\" data-id=\"28ed781c\" data-element_type=\"widget\" data-widget_type=\"consua_service_navmenu.default\">\n\t\t\t\t<div class=\"elementor-widget-container\">\n\t\t\t\r\n    <!-- Start Service Navmenu \r\n    ============================================= -->\r\n    <div class=\"single-widget services-list-widget\">\r\n        <h4 class=\"widget-title\">Vogue Groupe Services<\/h4>\r\n        <div class=\"content\">\r\n            \t\t            <div class=\"menu-service-sidebar-menu-container\"><ul id=\"menu-service-sidebar-menu\" class=\"menu\"><li id=\"menu-item-3145\" class=\"menu-item menu-item-type-post_type menu-item-object-page menu-item-3145\"><a href=\"https:\/\/groupe-vogue.com\/index.php\/vogue-business\/\">Vogue Business<\/a><\/li>\n<li id=\"menu-item-3073\" class=\"menu-item menu-item-type-post_type menu-item-object-page menu-item-3073\"><a href=\"https:\/\/groupe-vogue.com\/index.php\/vogue-interim\/\">Vogue Interim<\/a><\/li>\n<li id=\"menu-item-3146\" class=\"menu-item menu-item-type-post_type menu-item-object-page menu-item-3146\"><a href=\"https:\/\/groupe-vogue.com\/index.php\/vogue-immo\/\">Vogue Immo<\/a><\/li>\n<li id=\"menu-item-3143\" class=\"menu-item menu-item-type-post_type menu-item-object-page menu-item-3143\"><a href=\"https:\/\/groupe-vogue.com\/index.php\/vogue-event\/\">Vogue Event<\/a><\/li>\n<li id=\"menu-item-3144\" class=\"menu-item menu-item-type-post_type menu-item-object-page menu-item-3144\"><a href=\"https:\/\/groupe-vogue.com\/index.php\/vogue-green\/\">Vogue Green<\/a><\/li>\n<\/ul><\/div>\t\t            <\/div>\r\n    <\/div>\r\n    <!-- End Service Navmenu \r\n    ============================================= -->\r\n\r\n    \t\t<\/div>\n\t\t\t\t<\/div>\n\t\t\t\t<div class=\"elementor-element elementor-element-4f5edc78 elementor-widget elementor-widget-consua_service_cta\" data-id=\"4f5edc78\" data-element_type=\"widget\" data-widget_type=\"consua_service_cta.default\">\n\t\t\t\t<div class=\"elementor-widget-container\">\n\t\t\t    <!-- Start Service CTA\r\n    ============================================= -->\r\n    <div class=\"single-widget bg-dark quick-contact-widget text-light\" style=\"background-image: url(https:\/\/validthemes.net\/themeforest\/wp\/consua\/wp-content\/uploads\/2023\/09\/15.png);\">\r\n        <div class=\"content\">\r\n            <h3>Besoin d'aide ?<\/h3>\r\n            <p>\r\n              VOGUE Groupe, votre partenaire de choix pour des solutions innovantes et de haute qualit\u00e9, booste votre croissance et maximise votre succ\u00e8s. Contactez-nous d\u00e8s aujourd'hui et propulsez votre entreprise vers de nouveaux sommets.            <\/p>\r\n            <h2>+212 528 24 03 92<\/h2>            <h4><a href=\"mailto:contact@groupe-vogue.com\">contact@groupe-vogue.com<\/a><\/h4>                        \t<a class=\"btn mt-30 circle btn-sm btn-gradient\" href=\"https:\/\/groupe-vogue.com\/index.php\/contact\/\">Contactez nous<\/a>\r\n        \t        <\/div>\r\n    <\/div>\r\n    <!-- End Service CTA -->\r\n\t\t\t<\/div>\n\t\t\t\t<\/div>\n\t\t\t\t<div class=\"elementor-element elementor-element-c0a6700 elementor-widget elementor-widget-heading\" data-id=\"c0a6700\" data-element_type=\"widget\" data-widget_type=\"heading.default\">\n\t\t\t\t<div class=\"elementor-widget-container\">\n\t\t\t<h3 class=\"elementor-heading-title elementor-size-default\">Galerie<\/h3>\t\t<\/div>\n\t\t\t\t<\/div>\n\t\t\t\t<div class=\"elementor-element elementor-element-a4aae5c elementor-widget elementor-widget-image-gallery\" data-id=\"a4aae5c\" data-element_type=\"widget\" data-widget_type=\"image-gallery.default\">\n\t\t\t\t<div class=\"elementor-widget-container\">\n\t\t\t\t\t<div class=\"elementor-image-gallery\">\n\t\t\t<div id='gallery-1' class='gallery galleryid-3868 gallery-columns-1 gallery-size-consua_359X259'><figure class='gallery-item'>\n\t\t\t<div class='gallery-icon landscape'>\n\t\t\t\t<a data-elementor-open-lightbox=\"yes\" data-elementor-lightbox-slideshow=\"a4aae5c\" data-elementor-lightbox-title=\"87371115_493137618305675_6188322457854672896_n\" data-e-action-hash=\"#elementor-action%3Aaction%3Dlightbox%26settings%3DeyJpZCI6MzYwMSwidXJsIjoiaHR0cHM6XC9cL2dyb3VwZS12b2d1ZS5jb21cL3dwLWNvbnRlbnRcL3VwbG9hZHNcLzIwMjRcLzA2XC84NzM3MTExNV80OTMxMzc2MTgzMDU2NzVfNjE4ODMyMjQ1Nzg1NDY3Mjg5Nl9uLmpwZyIsInNsaWRlc2hvdyI6ImE0YWFlNWMifQ%3D%3D\" href='https:\/\/groupe-vogue.com\/wp-content\/uploads\/2024\/06\/87371115_493137618305675_6188322457854672896_n.jpg'><img fetchpriority=\"high\" decoding=\"async\" width=\"359\" height=\"259\" src=\"https:\/\/groupe-vogue.com\/wp-content\/uploads\/2024\/06\/87371115_493137618305675_6188322457854672896_n-359x259.jpg\" class=\"attachment-consua_359X259 size-consua_359X259\" alt=\"\" \/><\/a>\n\t\t\t<\/div><\/figure><figure class='gallery-item'>\n\t\t\t<div class='gallery-icon landscape'>\n\t\t\t\t<a data-elementor-open-lightbox=\"yes\" data-elementor-lightbox-slideshow=\"a4aae5c\" data-elementor-lightbox-title=\"87301039_493143988305038_2526448103087669248_n\" data-e-action-hash=\"#elementor-action%3Aaction%3Dlightbox%26settings%3DeyJpZCI6MzU5OSwidXJsIjoiaHR0cHM6XC9cL2dyb3VwZS12b2d1ZS5jb21cL3dwLWNvbnRlbnRcL3VwbG9hZHNcLzIwMjRcLzA2XC84NzMwMTAzOV80OTMxNDM5ODgzMDUwMzhfMjUyNjQ0ODEwMzA4NzY2OTI0OF9uLmpwZyIsInNsaWRlc2hvdyI6ImE0YWFlNWMifQ%3D%3D\" href='https:\/\/groupe-vogue.com\/wp-content\/uploads\/2024\/06\/87301039_493143988305038_2526448103087669248_n.jpg'><img decoding=\"async\" width=\"359\" height=\"259\" src=\"https:\/\/groupe-vogue.com\/wp-content\/uploads\/2024\/06\/87301039_493143988305038_2526448103087669248_n-359x259.jpg\" class=\"attachment-consua_359X259 size-consua_359X259\" alt=\"\" \/><\/a>\n\t\t\t<\/div><\/figure><figure class='gallery-item'>\n\t\t\t<div class='gallery-icon landscape'>\n\t\t\t\t<a data-elementor-open-lightbox=\"yes\" data-elementor-lightbox-slideshow=\"a4aae5c\" data-elementor-lightbox-title=\"85114264_494087451544025_4902786953151250432_n\" data-e-action-hash=\"#elementor-action%3Aaction%3Dlightbox%26settings%3DeyJpZCI6MzU5NywidXJsIjoiaHR0cHM6XC9cL2dyb3VwZS12b2d1ZS5jb21cL3dwLWNvbnRlbnRcL3VwbG9hZHNcLzIwMjRcLzA2XC84NTExNDI2NF80OTQwODc0NTE1NDQwMjVfNDkwMjc4Njk1MzE1MTI1MDQzMl9uLTEuanBnIiwic2xpZGVzaG93IjoiYTRhYWU1YyJ9\" href='https:\/\/groupe-vogue.com\/wp-content\/uploads\/2024\/06\/85114264_494087451544025_4902786953151250432_n-1.jpg'><img decoding=\"async\" width=\"359\" height=\"259\" src=\"https:\/\/groupe-vogue.com\/wp-content\/uploads\/2024\/06\/85114264_494087451544025_4902786953151250432_n-1-359x259.jpg\" class=\"attachment-consua_359X259 size-consua_359X259\" alt=\"\" \/><\/a>\n\t\t\t<\/div><\/figure><figure class='gallery-item'>\n\t\t\t<div class='gallery-icon portrait'>\n\t\t\t\t<a data-elementor-open-lightbox=\"yes\" data-elementor-lightbox-slideshow=\"a4aae5c\" data-elementor-lightbox-title=\"WhatsApp Image 2024-06-13 \u00e0 07.11.58_4de9aa27\" data-e-action-hash=\"#elementor-action%3Aaction%3Dlightbox%26settings%3DeyJpZCI6MzY4MiwidXJsIjoiaHR0cHM6XC9cL2dyb3VwZS12b2d1ZS5jb21cL3dwLWNvbnRlbnRcL3VwbG9hZHNcLzIwMjRcLzA2XC9XaGF0c0FwcC1JbWFnZS0yMDI0LTA2LTEzLWEtMDcuMTEuNThfNGRlOWFhMjcuanBnIiwic2xpZGVzaG93IjoiYTRhYWU1YyJ9\" href='https:\/\/groupe-vogue.com\/wp-content\/uploads\/2024\/06\/WhatsApp-Image-2024-06-13-a-07.11.58_4de9aa27.jpg'><img loading=\"lazy\" decoding=\"async\" width=\"359\" height=\"259\" src=\"https:\/\/groupe-vogue.com\/wp-content\/uploads\/2024\/06\/WhatsApp-Image-2024-06-13-a-07.11.58_4de9aa27-359x259.jpg\" class=\"attachment-consua_359X259 size-consua_359X259\" alt=\"\" \/><\/a>\n\t\t\t<\/div><\/figure>\n\t\t<\/div>\n\t\t<\/div>\n\t\t\t\t<\/div>\n\t\t\t\t<\/div>\n\t\t\t\t\t<\/div>\n\t\t<\/div>\n\t\t\t\t<div class=\"elementor-column elementor-col-50 elementor-top-column elementor-element elementor-element-39f5b7dc\" data-id=\"39f5b7dc\" data-element_type=\"column\">\n\t\t\t<div class=\"elementor-widget-wrap elementor-element-populated\">\n\t\t\t\t\t\t<div class=\"elementor-element elementor-element-78918244 elementor-widget elementor-widget-image\" data-id=\"78918244\" data-element_type=\"widget\" data-widget_type=\"image.default\">\n\t\t\t\t<div class=\"elementor-widget-container\">\n\t\t\t\t\t\t\t\t\t\t\t\t\t<img decoding=\"async\" src=\"https:\/\/groupe-vogue.com\/wp-content\/uploads\/elementor\/thumbs\/6-qpgaqrsv22hpgbpci43jc1vc0qg51r72t9ijv0wrkc.png\" title=\"6\" alt=\"6\" loading=\"lazy\" \/>\t\t\t\t\t\t\t\t\t\t\t\t\t<\/div>\n\t\t\t\t<\/div>\n\t\t\t\t<div class=\"elementor-element elementor-element-2ce7d17 elementor-widget elementor-widget-heading\" data-id=\"2ce7d17\" data-element_type=\"widget\" data-widget_type=\"heading.default\">\n\t\t\t\t<div class=\"elementor-widget-container\">\n\t\t\t<h2 class=\"elementor-heading-title elementor-size-default\">Optimize Your Potential with Vogue Business<\/h2>\t\t<\/div>\n\t\t\t\t<\/div>\n\t\t\t\t<div class=\"elementor-element elementor-element-15ff6e6a elementor-widget elementor-widget-text-editor\" data-id=\"15ff6e6a\" data-element_type=\"widget\" data-widget_type=\"text-editor.default\">\n\t\t\t\t<div class=\"elementor-widget-container\">\n\t\t\t\t\t\t\t<p>Our value-added services to support your growth in Africa<br \/>Engaged in an exceptional economic dynamic, Africa is resolutely the new frontier of global economic growth. More than ever, this region of the world has positioned itself as an area of real economic opportunity and value creation for companies in search of new growth drivers. Fundamental factors in this economic attractiveness include an average growth rate of 5% over the last decade, a dynamic domestic market driven by an emerging middle class, and a constantly evolving business environment that make the continent a promising land for investment and trade. Today, these factors are amplified by the implementation of the African Continental Free Trade Area (AfCFTA), which is home to 1.3 billion consumers in an economic bloc with a combined GDP of $2,500 billion. A truly new era of progress open to the world!<\/p>\t\t\t\t\t\t<\/div>\n\t\t\t\t<\/div>\n\t\t\t\t<div class=\"elementor-element elementor-element-762f9b85 elementor-widget elementor-widget-heading\" data-id=\"762f9b85\" data-element_type=\"widget\" data-widget_type=\"heading.default\">\n\t\t\t\t<div class=\"elementor-widget-container\">\n\t\t\t<h3 class=\"elementor-heading-title elementor-size-default\">Our approach<\/h3>\t\t<\/div>\n\t\t\t\t<\/div>\n\t\t\t\t<div class=\"elementor-element elementor-element-777c392f elementor-widget elementor-widget-text-editor\" data-id=\"777c392f\" data-element_type=\"widget\" data-widget_type=\"text-editor.default\">\n\t\t\t\t<div class=\"elementor-widget-container\">\n\t\t\t\t\t\t\t<p>Vogue Groupe Sarl in Morocco supports several Moroccan and international economic players from the private and public sectors, with development ambitions on the African continent. To consolidate and strengthen its &#8220;Consulting &amp; Business Development Africa&#8221; offer, Vogue Business is dedicated to Africa, and has a network of local strategic players, both institutional and private, in all African countries, who work closely with our team.<\/p><p>Our team, experienced and well-versed in the specifics of African markets, can help you realize your internationalization ambitions across the continent, whatever your sector of activity, your operational scope or your level of development.<\/p><p>Vogue Groupe Sarl offers a complete range of services covering the entire value chain of the internationalization process, from strategic planning to the operational realization of your growth vision. All in a spirit of co-construction, creating impact and added value for you and your local communities.<\/p>\t\t\t\t\t\t<\/div>\n\t\t\t\t<\/div>\n\t\t\t\t<div class=\"elementor-element elementor-element-acdb42f elementor-widget elementor-widget-heading\" data-id=\"acdb42f\" data-element_type=\"widget\" data-widget_type=\"heading.default\">\n\t\t\t\t<div class=\"elementor-widget-container\">\n\t\t\t<h3 class=\"elementor-heading-title elementor-size-default\">Our services <\/h3>\t\t<\/div>\n\t\t\t\t<\/div>\n\t\t\t\t<div class=\"elementor-element elementor-element-f842099 elementor-widget elementor-widget-text-editor\" data-id=\"f842099\" data-element_type=\"widget\" data-widget_type=\"text-editor.default\">\n\t\t\t\t<div class=\"elementor-widget-container\">\n\t\t\t\t\t\t\t<ul><li><strong>Globalization strategy :<\/strong> We define together the most appropriate internationalization strategies and align them with your strategic and operational operations: Diagnosis of development potential, Strategic advice on export positioning, support in the development of the development strategy, Development plan export development, Choice of internationalization, Assistance in finding partners\u2026<\/li><li><strong>Support and business development :<\/strong> We put you in touch with business partners: organization of BtoB and incoming missions, organizational capacity building&#8230;<\/li><li><strong>Installation assistance :<\/strong> We support you in carrying out your implementation projects in local investment markets: Analysis of the legal and tax environment, Support in financial services: due diligence, financial arrangements, post-implantation monitoring, etc.<\/li><li><strong>Export support :<\/strong> We offer exploratory missions to better understand your target market: Diagnosis of the company and its environment, Analysis of the exportable offer, Support for first-time exporters, market studies, monitoring and market intelligence, project banks, Support in prospecting\u2026<\/li><li><strong>Tailor-made training :<\/strong> We offer a range of training courses on different topics related to international development: Business development, Regulations and logistics, Support and financing mechanisms, African intercultural coaching&#8230;<\/li><li><strong>Transaction support :<\/strong> We support you in your strategic initiatives: accounting, legal, tax and social outsourcing.<\/li><\/ul>\t\t\t\t\t\t<\/div>\n\t\t\t\t<\/div>\n\t\t\t\t<div class=\"elementor-element elementor-element-3bfe6fe elementor-hidden-desktop elementor-hidden-tablet elementor-hidden-mobile elementor-widget elementor-widget-heading\" data-id=\"3bfe6fe\" data-element_type=\"widget\" data-widget_type=\"heading.default\">\n\t\t\t\t<div class=\"elementor-widget-container\">\n\t\t\t<h3 class=\"elementor-heading-title elementor-size-default\">Recherche de Partenaires Financiers, Techniques et Commerciaux<\/h3>\t\t<\/div>\n\t\t\t\t<\/div>\n\t\t\t\t<div class=\"elementor-element elementor-element-5e41602 elementor-hidden-desktop elementor-hidden-tablet elementor-hidden-mobile elementor-widget elementor-widget-text-editor\" data-id=\"5e41602\" data-element_type=\"widget\" data-widget_type=\"text-editor.default\">\n\t\t\t\t<div class=\"elementor-widget-container\">\n\t\t\t\t\t\t\t<p>Chez Vogue Groupe, nous mettons un point d&#8217;honneur \u00e0 \u00e9largir notre r\u00e9seau \u00e0 travers des collaborations strat\u00e9giques avec des partenaires financiers, techniques et commerciaux. Nous cherchons constamment \u00e0 d\u00e9velopper des relations solides et mutuellement b\u00e9n\u00e9fiques qui renforcent notre capacit\u00e9 \u00e0 offrir des solutions int\u00e9gr\u00e9es et innovantes \u00e0 nos clients. En s&#8217;associant avec des acteurs cl\u00e9s dans divers secteurs, Vogue Groupe vise \u00e0 optimiser ses services et \u00e0 r\u00e9pondre efficacement aux d\u00e9fis complexes de nos clients, tout en assurant une croissance durable et profitable pour toutes les parties impliqu\u00e9es.<\/p>\t\t\t\t\t\t<\/div>\n\t\t\t\t<\/div>\n\t\t\t\t<div class=\"elementor-element elementor-element-3067ad23 elementor-hidden-desktop elementor-hidden-tablet elementor-hidden-mobile elementor-widget elementor-widget-consua_faq_widget\" data-id=\"3067ad23\" data-element_type=\"widget\" data-widget_type=\"consua_faq_widget.default\">\n\t\t\t\t<div class=\"elementor-widget-container\">\n\t\t\t\r\n    <div class=\"faq-style-one dark\">\r\n    \t\t        <h3 class=\"mb-30\">\r\n\t        \tQuestions courantes pour ce projet\t        <\/h3>\r\n                <div class=\"accordion\" id=\"faqAccordion\">\r\n\r\n        \t            <div class=\"accordion-item\">\r\n                <h2 class=\"accordion-header\" id=\"heading1\">\r\n                    <button class=\"accordion-button \" type=\"button\" data-bs-toggle=\"collapse\" data-bs-target=\"#collapse1\" aria-expanded=\"true\" aria-controls=\"collapse1\">\r\n                       Quels types d'entreprises Vogue Business accompagne-t-il ?                    <\/button>\r\n                <\/h2>\r\n                <div id=\"collapse1\" class=\"accordion-collapse collapse show\" aria-labelledby=\"collapse1\" data-bs-parent=\"#faqAccordion\">\r\n                    <div class=\"accordion-body\">\r\n                        <p>\r\n                          \tVogue Business accompagne les entreprises de toutes tailles et de tous secteurs d'activit\u00e9, des start-ups aux grandes entreprises.                        <\/p>\r\n                    <\/div>\r\n                <\/div>\r\n            <\/div>\r\n           \t            <div class=\"accordion-item\">\r\n                <h2 class=\"accordion-header\" id=\"heading2\">\r\n                    <button class=\"accordion-button collapsed\" type=\"button\" data-bs-toggle=\"collapse\" data-bs-target=\"#collapse2\" aria-expanded=\"true\" aria-controls=\"collapse2\">\r\n                       Comment Vogue Business aide-t-il les entreprises \u00e0 am\u00e9liorer leur rentabilit\u00e9 ?                    <\/button>\r\n                <\/h2>\r\n                <div id=\"collapse2\" class=\"accordion-collapse collapse \" aria-labelledby=\"collapse2\" data-bs-parent=\"#faqAccordion\">\r\n                    <div class=\"accordion-body\">\r\n                        <p>\r\n                          \tNous fournissons des analyses financi\u00e8res approfondies et des conseils strat\u00e9giques pour optimiser les op\u00e9rations et maximiser les profits.                        <\/p>\r\n                    <\/div>\r\n                <\/div>\r\n            <\/div>\r\n           \t            <div class=\"accordion-item\">\r\n                <h2 class=\"accordion-header\" id=\"heading3\">\r\n                    <button class=\"accordion-button collapsed\" type=\"button\" data-bs-toggle=\"collapse\" data-bs-target=\"#collapse3\" aria-expanded=\"true\" aria-controls=\"collapse3\">\r\n                       Quels sont les avantages de faire appel \u00e0 Vogue Business pour la gestion des ressources humaines ?                    <\/button>\r\n                <\/h2>\r\n                <div id=\"collapse3\" class=\"accordion-collapse collapse \" aria-labelledby=\"collapse3\" data-bs-parent=\"#faqAccordion\">\r\n                    <div class=\"accordion-body\">\r\n                        <p>\r\n                          \tNous proposons des solutions personnalis\u00e9es qui permettent aux entreprises de recruter, de former et de fid\u00e9liser les meilleurs talents, ce qui renforce leur \u00e9quipe et leur comp\u00e9titivit\u00e9 sur le march\u00e9.                        <\/p>\r\n                    <\/div>\r\n                <\/div>\r\n            <\/div>\r\n           \t \r\n        <\/div>\r\n    <\/div>\r\n\r\n\t\t\t<\/div>\n\t\t\t\t<\/div>\n\t\t\t\t<div class=\"elementor-element elementor-element-98bb01d elementor-widget elementor-widget-heading\" data-id=\"98bb01d\" data-element_type=\"widget\" data-widget_type=\"heading.default\">\n\t\t\t\t<div class=\"elementor-widget-container\">\n\t\t\t<h3 class=\"elementor-heading-title elementor-size-default\">Contact our services<\/h3>\t\t<\/div>\n\t\t\t\t<\/div>\n\t\t\t\t<div class=\"elementor-element elementor-element-c780152 elementor-widget elementor-widget-shortcode\" data-id=\"c780152\" data-element_type=\"widget\" data-widget_type=\"shortcode.default\">\n\t\t\t\t<div class=\"elementor-widget-container\">\n\t\t\t\t\t<div class=\"elementor-shortcode\">\n<div class=\"wpcf7 no-js\" id=\"wpcf7-f3787-o1\" lang=\"en-US\" dir=\"ltr\">\n<div class=\"screen-reader-response\"><p role=\"status\" aria-live=\"polite\" aria-atomic=\"true\"><\/p> <ul><\/ul><\/div>\n<form action=\"\/en\/index.php\/wp-json\/wp\/v2\/pages\/3651#wpcf7-f3787-o1\" method=\"post\" class=\"wpcf7-form init\" aria-label=\"Contact form\" novalidate=\"novalidate\" data-status=\"init\">\n<div style=\"display: none;\">\n<input type=\"hidden\" name=\"_wpcf7\" value=\"3787\" \/>\n<input type=\"hidden\" name=\"_wpcf7_version\" value=\"5.9.6\" \/>\n<input type=\"hidden\" name=\"_wpcf7_locale\" value=\"en_US\" \/>\n<input type=\"hidden\" name=\"_wpcf7_unit_tag\" value=\"wpcf7-f3787-o1\" \/>\n<input type=\"hidden\" name=\"_wpcf7_container_post\" value=\"0\" \/>\n<input type=\"hidden\" name=\"_wpcf7_posted_data_hash\" value=\"\" \/>\n<input type=\"hidden\" name=\"_wpcf7_recaptcha_response\" value=\"\" \/>\n<\/div>\n<input class=\"wpcf7-form-control wpcf7-hidden\" id=\"page_info\" value=\"\" type=\"hidden\" name=\"page_info\" \/>\n<div class=\"row\">\n    <div class=\"col-lg-6\">\n        <div class=\"form-group\">\n             <span class=\"wpcf7-form-control-wrap\" data-name=\"text-910\"><input size=\"40\" maxlength=\"80\" class=\"wpcf7-form-control wpcf7-text wpcf7-validates-as-required form-control\" id=\"name_family\" aria-required=\"true\" aria-invalid=\"false\" placeholder=\"Last name\" value=\"\" type=\"text\" name=\"text-910\" \/><\/span>\n        <\/div>\n    <\/div>\n    <div class=\"col-lg-6\">\n        <div class=\"form-group\">\n             <span class=\"wpcf7-form-control-wrap\" data-name=\"text-911\"><input size=\"40\" maxlength=\"80\" class=\"wpcf7-form-control wpcf7-text wpcf7-validates-as-required form-control\" id=\"name_perso\" aria-required=\"true\" aria-invalid=\"false\" placeholder=\"First name\" value=\"\" type=\"text\" name=\"text-911\" \/><\/span>\n        <\/div>\n    <\/div>\n<\/div>\n<div class=\"row\">\n    <div class=\"col-lg-6\">\n        <div class=\"form-group\">\n            <span class=\"wpcf7-form-control-wrap\" data-name=\"text-912\"><input size=\"40\" maxlength=\"80\" class=\"wpcf7-form-control wpcf7-text wpcf7-validates-as-required form-control\" id=\"email\" aria-required=\"true\" aria-invalid=\"false\" placeholder=\"Email*\" value=\"\" type=\"text\" name=\"text-912\" \/><\/span>\n        <\/div>\n    <\/div>\n  <div class=\"col-lg-6\">\n        <div class=\"form-group\">\n            <span class=\"wpcf7-form-control-wrap\" data-name=\"text-913\"><input size=\"40\" maxlength=\"80\" class=\"wpcf7-form-control wpcf7-text wpcf7-validates-as-required form-control\" id=\"phone\" aria-required=\"true\" aria-invalid=\"false\" placeholder=\"Phone*\" value=\"\" type=\"text\" name=\"text-913\" \/><\/span>\n        <\/div>\n    <\/div>\n<\/div>\n\n<div class=\"row\">\n    <div class=\"col-lg-12\">\n        <div class=\"form-group\">\n            <span class=\"wpcf7-form-control-wrap\" data-name=\"your-message\"><textarea cols=\"40\" rows=\"10\" maxlength=\"400\" class=\"wpcf7-form-control wpcf7-textarea wpcf7-validates-as-required form-control\" id=\"your-message\" aria-required=\"true\" aria-invalid=\"false\" placeholder=\"Your message\" name=\"your-message\"><\/textarea><\/span>\n        <\/div>\n    <\/div>\n<\/div>\n\n<div class=\"row\">\n    <div class=\"col-lg-12\">\n        <button type=\"submit\" name=\"submit\" id=\"submit\" class=\"btn mt-30 circle btn-sm btn-gradient\"><i class=\"fa fa-paper-plane\"><\/i> Send<\/button>\n    <\/div>\n<\/div><div class=\"wpcf7-response-output\" aria-hidden=\"true\"><\/div>\n<\/form>\n<\/div>\n<\/div>\n\t\t\t\t<\/div>\n\t\t\t\t<\/div>\n\t\t\t\t\t<\/div>\n\t\t<\/div>\n\t\t\t\t\t<\/div>\n\t\t<\/section>\n\t\t\t\t<\/div>\n\t\t","protected":false},"excerpt":{"rendered":"<p>Vogue Groupe Services Vogue Business Vogue Interim Vogue Immo Vogue Event Vogue Green Besoin d&#8217;aide ? VOGUE Groupe, votre partenaire de choix pour des solutions innovantes et de haute qualit\u00e9, booste votre croissance et maximise votre succ\u00e8s. Contactez-nous d\u00e8s aujourd&#8217;hui et propulsez votre entreprise vers de nouveaux sommets. +212 528 24 03 92 contact@groupe-vogue.com Contactez&#8230;<\/p>\n","protected":false},"author":1,"featured_media":0,"parent":0,"menu_order":0,"comment_status":"closed","ping_status":"closed","template":"elementor_header_footer","meta":{"footnotes":""},"aioseo_notices":[],"_links":{"self":[{"href":"https:\/\/groupe-vogue.com\/en\/index.php\/wp-json\/wp\/v2\/pages\/3651"}],"collection":[{"href":"https:\/\/groupe-vogue.com\/en\/index.php\/wp-json\/wp\/v2\/pages"}],"about":[{"href":"https:\/\/groupe-vogue.com\/en\/index.php\/wp-json\/wp\/v2\/types\/page"}],"author":[{"embeddable":true,"href":"https:\/\/groupe-vogue.com\/en\/index.php\/wp-json\/wp\/v2\/users\/1"}],"replies":[{"embeddable":true,"href":"https:\/\/groupe-vogue.com\/en\/index.php\/wp-json\/wp\/v2\/comments?post=3651"}],"version-history":[{"count":14,"href":"https:\/\/groupe-vogue.com\/en\/index.php\/wp-json\/wp\/v2\/pages\/3651\/revisions"}],"predecessor-version":[{"id":3879,"href":"https:\/\/groupe-vogue.com\/en\/index.php\/wp-json\/wp\/v2\/pages\/3651\/revisions\/3879"}],"wp:attachment":[{"href":"https:\/\/groupe-vogue.com\/en\/index.php\/wp-json\/wp\/v2\/media?parent=3651"}],"curies":[{"name":"wp","href":"https:\/\/api.w.org\/{rel}","templated":true}]}}